{"id":1901,"date":"2023-08-09T17:03:44","date_gmt":"2023-08-09T15:03:44","guid":{"rendered":"https:\/\/www.pacellico.com\/hugh-kelly\/"},"modified":"2025-09-26T16:17:24","modified_gmt":"2025-09-26T14:17:24","slug":"hugh-kelly","status":"publish","type":"page","link":"https:\/\/www.pacellico.com\/cs\/tym-pacellico\/hugh-kelly\/","title":{"rendered":"Hugh Kelly"},"content":{"rendered":"<p><div class=\"fusion-fullwidth fullwidth-box fusion-builder-row-1 fusion-flex-container has-pattern-background has-mask-background nonhundred-percent-fullwidth non-hundred-percent-height-scrolling\" style=\"--awb-border-radius-top-left:0px;--awb-border-radius-top-right:0px;--awb-border-radius-bottom-right:0px;--awb-border-radius-bottom-left:0px;--awb-flex-wrap:wrap;\" ><div class=\"fusion-builder-row fusion-row fusion-flex-align-items-flex-start fusion-flex-content-wrap\" style=\"max-width:1352px;margin-left: calc(-4% \/ 2 );margin-right: calc(-4% \/ 2 );\"><div class=\"fusion-layout-column fusion_builder_column fusion-builder-column-0 fusion_builder_column_1_4 1_4 fusion-flex-column\" style=\"--awb-bg-size:cover;--awb-width-large:25%;--awb-margin-top-large:0px;--awb-spacing-right-large:7.68%;--awb-margin-bottom-large:20px;--awb-spacing-left-large:7.68%;--awb-width-medium:25%;--awb-order-medium:0;--awb-spacing-right-medium:7.68%;--awb-spacing-left-medium:7.68%;--awb-width-small:100%;--awb-order-small:0;--awb-spacing-right-small:1.92%;--awb-spacing-left-small:1.92%;\"><div class=\"fusion-column-wrapper fusion-column-has-shadow fusion-flex-justify-content-flex-start fusion-content-layout-column\"><div class=\"fusion-image-element \" style=\"--awb-caption-title-font-family:var(--h2_typography-font-family);--awb-caption-title-font-weight:var(--h2_typography-font-weight);--awb-caption-title-font-style:var(--h2_typography-font-style);--awb-caption-title-size:var(--h2_typography-font-size);--awb-caption-title-transform:var(--h2_typography-text-transform);--awb-caption-title-line-height:var(--h2_typography-line-height);--awb-caption-title-letter-spacing:var(--h2_typography-letter-spacing);\"><span class=\" fusion-imageframe imageframe-none imageframe-1 hover-type-none\"><img decoding=\"async\" width=\"300\" height=\"400\" title=\"Hugh Kelly\" src=\"https:\/\/www.pacellico.com\/wp-content\/uploads\/2023\/07\/Hugh-Kelly.jpg\" data-orig-src=\"https:\/\/www.pacellico.com\/wp-content\/uploads\/2023\/07\/Hugh-Kelly.jpg\" alt class=\"lazyload img-responsive wp-image-1743\" srcset=\"data:image\/svg+xml,%3Csvg%20xmlns%3D%27http%3A%2F%2Fwww.w3.org%2F2000%2Fsvg%27%20width%3D%27300%27%20height%3D%27400%27%20viewBox%3D%270%200%20300%20400%27%3E%3Crect%20width%3D%27300%27%20height%3D%27400%27%20fill-opacity%3D%220%22%2F%3E%3C%2Fsvg%3E\" data-srcset=\"https:\/\/www.pacellico.com\/wp-content\/uploads\/2023\/07\/Hugh-Kelly-200x267.jpg 200w, https:\/\/www.pacellico.com\/wp-content\/uploads\/2023\/07\/Hugh-Kelly.jpg 300w\" data-sizes=\"auto\" data-orig-sizes=\"(max-width: 640px) 100vw, 300px\" \/><\/span><\/div><\/div><\/div><div class=\"fusion-layout-column fusion_builder_column fusion-builder-column-1 fusion_builder_column_3_4 3_4 fusion-flex-column\" style=\"--awb-bg-size:cover;--awb-width-large:75%;--awb-margin-top-large:0px;--awb-spacing-right-large:2.56%;--awb-margin-bottom-large:20px;--awb-spacing-left-large:2.56%;--awb-width-medium:75%;--awb-order-medium:0;--awb-spacing-right-medium:2.56%;--awb-spacing-left-medium:2.56%;--awb-width-small:100%;--awb-order-small:0;--awb-spacing-right-small:1.92%;--awb-spacing-left-small:1.92%;\"><div class=\"fusion-column-wrapper fusion-column-has-shadow fusion-flex-justify-content-flex-start fusion-content-layout-column\"><div class=\"fusion-text fusion-text-1\"><h1>Hugh Kelly<br \/>\nPartner<\/h1>\n<\/div><ul style=\"--awb-line-height:27.2px;--awb-icon-width:27.2px;--awb-icon-height:27.2px;--awb-icon-margin:11.2px;--awb-content-margin:38.4px;--awb-circlecolor:#65bc7b;--awb-circle-yes-font-size:14.08px;\" class=\"fusion-checklist fusion-checklist-1 fusion-checklist-default type-icons\"><li class=\"fusion-li-item\" style=\"\"><span class=\"icon-wrapper circle-yes\"><i class=\"fusion-li-icon fa-check-circle fas\" aria-hidden=\"true\"><\/i><\/span><div class=\"fusion-li-item-content\">\n<p>Transformace podnik\u00e1n\u00ed<\/p>\n<\/div><\/li><li class=\"fusion-li-item\" style=\"\"><span class=\"icon-wrapper circle-yes\"><i class=\"fusion-li-icon fa-check-circle fas\" aria-hidden=\"true\"><\/i><\/span><div class=\"fusion-li-item-content\">\n<p>Glob\u00e1ln\u00ed operace<\/p>\n<\/div><\/li><li class=\"fusion-li-item\" style=\"\"><span class=\"icon-wrapper circle-yes\"><i class=\"fusion-li-icon fa-check-circle fas\" aria-hidden=\"true\"><\/i><\/span><div class=\"fusion-li-item-content\">\n<p>Zad\u00e1v\u00e1n\u00ed ve\u0159ejn\u00fdch zak\u00e1zek<\/p>\n<\/div><\/li><\/ul><\/div><\/div><\/div><\/div><div class=\"fusion-fullwidth fullwidth-box fusion-builder-row-2 fusion-flex-container has-pattern-background has-mask-background nonhundred-percent-fullwidth non-hundred-percent-height-scrolling\" style=\"--awb-border-radius-top-left:0px;--awb-border-radius-top-right:0px;--awb-border-radius-bottom-right:0px;--awb-border-radius-bottom-left:0px;--awb-flex-wrap:wrap;\" ><div class=\"fusion-builder-row fusion-row fusion-flex-align-items-flex-start fusion-flex-content-wrap\" style=\"max-width:1352px;margin-left: calc(-4% \/ 2 );margin-right: calc(-4% \/ 2 );\"><div class=\"fusion-layout-column fusion_builder_column fusion-builder-column-2 fusion_builder_column_1_1 1_1 fusion-flex-column\" style=\"--awb-bg-size:cover;--awb-width-large:100%;--awb-margin-top-large:0px;--awb-spacing-right-large:1.92%;--awb-margin-bottom-large:20px;--awb-spacing-left-large:1.92%;--awb-width-medium:100%;--awb-order-medium:0;--awb-spacing-right-medium:1.92%;--awb-spacing-left-medium:1.92%;--awb-width-small:100%;--awb-order-small:0;--awb-spacing-right-small:1.92%;--awb-spacing-left-small:1.92%;\"><div class=\"fusion-column-wrapper fusion-column-has-shadow fusion-flex-justify-content-flex-start fusion-content-layout-column\"><div class=\"fusion-text fusion-text-2\"><p>Hugh je top manager s v\u00edce ne\u017e 25letou prax\u00ed v \u0159\u00edd\u00edc\u00edch funkc\u00edch, na pozic\u00edch provozn\u00edho \u0159editele, viceprezidenta a gener\u00e1ln\u00edho \u0159editele s region\u00e1ln\u00ed nebo glob\u00e1ln\u00ed odpov\u011bdnost\u00ed v odv\u011btv\u00edch pr\u016fmyslov\u00fdch za\u0159\u00edzen\u00ed, telekomunika\u010dn\u00ed infrastruktury a spot\u0159ebn\u00ed elektroniky.<\/p>\n<p>D\u00edky sv\u00fdm kl\u00ed\u010dov\u00fdm dovednostem v oblasti glob\u00e1ln\u00edch v\u00fdrobn\u00edch operac\u00ed, dodavatelsk\u00e9ho \u0159et\u011bzce, n\u00e1kupu a \u0159\u00edzen\u00ed z\u00e1kaznick\u00fdch \u00fa\u010dt\u016f \u010dasto spolupracuje s t\u00fdmy mana\u017eer\u016f p\u0159i definov\u00e1n\u00ed a zav\u00e1d\u011bn\u00ed jejich budouc\u00edch provozn\u00edch model\u016f.<\/p>\n<p>Ve spole\u010dnosti Pacellico Hugh spolupracuje s na\u0161imi klienty a glob\u00e1ln\u00edmi realiza\u010dn\u00edmi t\u00fdmy na p\u0159em\u011bn\u011b komplexn\u00edch operac\u00ed dodavatelsk\u00e9ho \u0159et\u011bzce na z\u00e1kaznicky orientovan\u00e9, tr\u017en\u011b odli\u0161n\u00e9 subjekty, kter\u00e9 funguj\u00ed na sv\u011btov\u00e9 \u00farovni a s d\u016frazem na z\u00e1sady ochrany \u017eivotn\u00edho prost\u0159ed\u00ed, soci\u00e1ln\u00ed oblasti a \u0159\u00edzen\u00ed.<\/p>\n<h3>Nejd\u016fle\u017eit\u011bj\u0161\u00ed ud\u00e1losti v kari\u00e9\u0159e<\/h3>\n<p>Jako v\u00fdkonn\u00fd \u0159editel spole\u010dnosti Pfeiffer Vacuum Technology AG Hugh vyvinul a realizoval investi\u010dn\u00ed program CAPEX &#8222;Future Factory&#8220; v hodnot\u011b 150 milion\u016f eur s c\u00edlem modernizovat st\u00e1vaj\u00edc\u00ed infrastrukturu, roz\u0161\u00ed\u0159it kapacitu na nov\u00fdch trz\u00edch a p\u0159ipravit skupinu na p\u0159echod na pr\u016fmysl 4.0.<\/p>\n<p>Hugh zavedl glob\u00e1ln\u00ed program zlep\u0161ov\u00e1n\u00ed v\u00fdkonnosti a sledov\u00e1n\u00ed n\u00e1klad\u016f na z\u00e1klad\u011b prioritizace hrub\u00e9 mar\u017ee produktov\u00fdch \u0159ad, aby podpo\u0159il dosa\u017een\u00ed kl\u00ed\u010dov\u00fdch strategick\u00fdch c\u00edl\u016f skupiny &gt;20% EBIT a &gt;20% pod\u00edlu na trhu.<\/p>\n<p>D\u00e1le vypracoval &#8222;Future Operating Model&#8220;, vizi, soubor z\u00e1sad a pl\u00e1n implementace, jak skupina p\u0159em\u011bn\u00ed sv\u016fj komplexn\u00ed dodavatelsk\u00fd \u0159et\u011bzec na z\u00e1kaznicky orientovanou a agiln\u00ed spole\u010dnost.<\/p>\n<p>Jako viceprezident pro glob\u00e1ln\u00ed z\u00e1sobov\u00e1n\u00ed ve spole\u010dnosti Edwards Vacuum byl Hugh zodpov\u011bdn\u00fd za transformaci a globalizaci dodavatelsk\u00e9ho \u0159et\u011bzce v hodnot\u011b 550 milion\u016f USD, sn\u00ed\u017een\u00ed n\u00e1klad\u016f o 40 milion\u016f USD b\u011bhem t\u0159\u00ed let a vyv\u00e1\u017een\u00ed glob\u00e1ln\u00edch dodavatelsk\u00fdch kapacit p\u0159esunem v\u00fddaj\u016f ve v\u00fd\u0161i 300 milion\u016f USD od v\u00edce ne\u017e 100 dodavatel\u016f z Velk\u00e9 Brit\u00e1nie a EU s vysok\u00fdmi n\u00e1klady do st\u0159edn\u00ed a v\u00fdchodn\u00ed Evropy a APAC.<\/p>\n<p>Jako gener\u00e1ln\u00ed \u0159editel v\u00fdrobn\u00edch operac\u00ed spole\u010dnosti Flextronics Hugh \u00fasp\u011b\u0161n\u011b \u0159\u00eddil a rozv\u00edjel dva velk\u00e9 v\u00fdrobn\u00ed z\u00e1vody na zelen\u00e9 louce ve st\u0159edn\u00ed a v\u00fdchodn\u00ed Evrop\u011b, zv\u00fd\u0161il po\u010det zam\u011bstnanc\u016f z 250 na 3 500 a ziskov\u011b zvy\u0161oval ro\u010dn\u00ed tr\u017eby o 500 milion\u016f USD.<\/p>\n<\/div><\/div><\/div><\/div><\/div><\/p>\n","protected":false},"excerpt":{"rendered":"","protected":false},"author":1,"featured_media":0,"parent":1932,"menu_order":0,"comment_status":"closed","ping_status":"closed","template":"","meta":{"_acf_changed":false,"footnotes":""},"class_list":["post-1901","page","type-page","status-publish","hentry"],"acf":[],"_links":{"self":[{"href":"https:\/\/www.pacellico.com\/cs\/wp-json\/wp\/v2\/pages\/1901","targetHints":{"allow":["GET"]}}],"collection":[{"href":"https:\/\/www.pacellico.com\/cs\/wp-json\/wp\/v2\/pages"}],"about":[{"href":"https:\/\/www.pacellico.com\/cs\/wp-json\/wp\/v2\/types\/page"}],"author":[{"embeddable":true,"href":"https:\/\/www.pacellico.com\/cs\/wp-json\/wp\/v2\/users\/1"}],"replies":[{"embeddable":true,"href":"https:\/\/www.pacellico.com\/cs\/wp-json\/wp\/v2\/comments?post=1901"}],"version-history":[{"count":6,"href":"https:\/\/www.pacellico.com\/cs\/wp-json\/wp\/v2\/pages\/1901\/revisions"}],"predecessor-version":[{"id":2494,"href":"https:\/\/www.pacellico.com\/cs\/wp-json\/wp\/v2\/pages\/1901\/revisions\/2494"}],"up":[{"embeddable":true,"href":"https:\/\/www.pacellico.com\/cs\/wp-json\/wp\/v2\/pages\/1932"}],"wp:attachment":[{"href":"https:\/\/www.pacellico.com\/cs\/wp-json\/wp\/v2\/media?parent=1901"}],"curies":[{"name":"wp","href":"https:\/\/api.w.org\/{rel}","templated":true}]}}