{"id":1918,"date":"2022-01-09T18:52:34","date_gmt":"2022-01-09T17:52:34","guid":{"rendered":"https:\/\/www.pacellico.com\/zasady-ochrany-osobnich-udaju\/"},"modified":"2025-03-16T18:42:41","modified_gmt":"2025-03-16T17:42:41","slug":"zasady-ochrany-osobnich-udaju","status":"publish","type":"page","link":"https:\/\/www.pacellico.com\/cs\/zasady-ochrany-osobnich-udaju\/","title":{"rendered":"Z\u00e1sady ochrany osobn\u00edch \u00fadaj\u016f"},"content":{"rendered":"<p><strong>Na\u0161e z\u00e1sady ochrany osobn\u00edch \u00fadaj\u016f<\/strong><\/p>\n<p>Tyto z\u00e1sady ochrany osobn\u00edch \u00fadaj\u016f vysv\u011btluj\u00ed, jak na\u0161e organizace pou\u017e\u00edv\u00e1 osobn\u00ed \u00fadaje, kter\u00e9 od v\u00e1s shroma\u017e\u010fujeme p\u0159i pou\u017e\u00edv\u00e1n\u00ed na\u0161ich webov\u00fdch str\u00e1nek.<\/p>\n<p>T\u00e9mata:<\/p>\n<ul>\n<li>Jak\u00e9 \u00fadaje shroma\u017e\u010fujeme?<\/li>\n<li>Jak shroma\u017e\u010fujeme va\u0161e \u00fadaje?<\/li>\n<li>Jak budeme va\u0161e \u00fadaje pou\u017e\u00edvat?<\/li>\n<li>Jak ukl\u00e1d\u00e1me va\u0161e \u00fadaje?<\/li>\n<li>Marketing<\/li>\n<li>Jak\u00e1 jsou va\u0161e pr\u00e1va na ochranu osobn\u00edch \u00fadaj\u016f?<\/li>\n<li>Co jsou to soubory cookie?<\/li>\n<li>Jak pou\u017e\u00edv\u00e1me soubory cookie?<\/li>\n<li>Jak\u00e9 typy soubor\u016f cookie pou\u017e\u00edv\u00e1me?<\/li>\n<li>Jak spravovat soubory cookie<\/li>\n<li>Z\u00e1sady ochrany osobn\u00edch \u00fadaj\u016f jin\u00fdch webov\u00fdch str\u00e1nek<\/li>\n<li>Zm\u011bny na\u0161ich z\u00e1sad ochrany osobn\u00edch \u00fadaj\u016f<\/li>\n<\/ul>\n<p><strong>Jak\u00e9 \u00fadaje shroma\u017e\u010fujeme?<\/strong><\/p>\n<p>Na\u0161e spole\u010dnost shroma\u017e\u010fuje n\u00e1sleduj\u00edc\u00ed \u00fadaje:<\/p>\n<ul>\n<li>Osobn\u00ed identifika\u010dn\u00ed \u00fadaje (pokud je poskytnete prost\u0159ednictv\u00edm na\u0161eho kontaktn\u00edho formul\u00e1\u0159e: jm\u00e9no, e-mailov\u00e1 adresa, n\u00e1zev spole\u010dnosti, telefonn\u00ed \u010d\u00edslo).<\/li>\n<\/ul>\n<p><strong>Jak shroma\u017e\u010fujeme va\u0161e \u00fadaje?<\/strong><\/p>\n<p>V\u011bt\u0161inu \u00fadaj\u016f, kter\u00e9 shroma\u017e\u010fujeme, poskytujete na\u0161\u00ed spole\u010dnosti p\u0159\u00edmo vy. \u00dadaje shroma\u017e\u010fujeme a zpracov\u00e1v\u00e1me, kdy\u017e: <\/p>\n<ul>\n<li>Dobrovoln\u011b vypl\u0148te online formul\u00e1\u0159 na kontaktn\u00ed str\u00e1nce.<\/li>\n<li>Pou\u017e\u00edv\u00e1n\u00ed nebo prohl\u00ed\u017een\u00ed na\u0161ich webov\u00fdch str\u00e1nek prost\u0159ednictv\u00edm soubor\u016f cookie va\u0161eho prohl\u00ed\u017ee\u010de.<\/li>\n<\/ul>\n<p><strong>Jak budeme va\u0161e \u00fadaje pou\u017e\u00edvat?<\/strong><\/p>\n<p>Na\u0161e spole\u010dnost shroma\u017e\u010fuje va\u0161e \u00fadaje, abychom mohli:<\/p>\n<ul>\n<li>Kontakt na v\u00e1s.<\/li>\n<\/ul>\n<p><strong>Jak ukl\u00e1d\u00e1me va\u0161e \u00fadaje?<\/strong><\/p>\n<p>Na\u0161e spole\u010dnost bezpe\u010dn\u011b ukl\u00e1d\u00e1 va\u0161e \u00fadaje v intern\u00ed datab\u00e1zi webov\u00fdch str\u00e1nek.<\/p>\n<p>Na\u0161e spole\u010dnost bude va\u0161e \u00fadaje uchov\u00e1vat po dobu 12 m\u011bs\u00edc\u016f. Po uplynut\u00ed t\u00e9to doby va\u0161e \u00fadaje vyma\u017eeme. <\/p>\n<p><strong>Marketing<\/strong><\/p>\n<p>Na\u0161e spole\u010dnost by v\u00e1m r\u00e1da pos\u00edlala informace o na\u0161ich produktech a slu\u017eb\u00e1ch, o kter\u00fdch si mysl\u00edme, \u017ee by se v\u00e1m mohly l\u00edbit.<\/p>\n<p>M\u00e1te pr\u00e1vo kdykoli zak\u00e1zat na\u0161\u00ed spole\u010dnosti, aby v\u00e1s kontaktovala pro marketingov\u00e9 \u00fa\u010dely.<\/p>\n<p>Pokud si ji\u017e nep\u0159ejete b\u00fdt kontaktov\u00e1ni pro marketingov\u00e9 \u00fa\u010dely, kontaktujte n\u00e1s pros\u00edm prost\u0159ednictv\u00edm kontaktn\u00edho formul\u00e1\u0159e na kontaktn\u00ed str\u00e1nce.<\/p>\n<p><strong>Jak\u00e1 jsou va\u0161e pr\u00e1va na ochranu osobn\u00edch \u00fadaj\u016f?<\/strong><\/p>\n<p>Na\u0161e spole\u010dnost by se r\u00e1da ujistila, \u017ee jste si pln\u011b v\u011bdomi v\u0161ech sv\u00fdch pr\u00e1v na ochranu osobn\u00edch \u00fadaj\u016f. Ka\u017ed\u00fd u\u017eivatel m\u00e1 n\u00e1sleduj\u00edc\u00ed pr\u00e1va: <\/p>\n<p><strong>Pr\u00e1vo na p\u0159\u00edstup<\/strong> - M\u00e1te pr\u00e1vo po\u017e\u00e1dat na\u0161i spole\u010dnost o kopie sv\u00fdch osobn\u00edch \u00fadaj\u016f. Za tuto slu\u017ebu v\u00e1m m\u016f\u017eeme \u00fa\u010dtovat mal\u00fd poplatek. <\/p>\n<p><strong>Pr\u00e1vo na opravu<\/strong> - m\u00e1te pr\u00e1vo po\u017e\u00e1dat na\u0161i spole\u010dnost o opravu jak\u00fdchkoli informac\u00ed, o kter\u00fdch se domn\u00edv\u00e1te, \u017ee jsou nep\u0159esn\u00e9. M\u00e1te tak\u00e9 pr\u00e1vo po\u017e\u00e1dat Na\u0161i spole\u010dnost o dopln\u011bn\u00ed informac\u00ed, o kter\u00fdch se domn\u00edv\u00e1te, \u017ee jsou ne\u00fapln\u00e9. <\/p>\n<p><strong>Pr\u00e1vo na v\u00fdmaz<\/strong> - za ur\u010dit\u00fdch podm\u00ednek m\u00e1te pr\u00e1vo po\u017e\u00e1dat na\u0161i spole\u010dnost o v\u00fdmaz va\u0161ich osobn\u00edch \u00fadaj\u016f.<\/p>\n<p><strong>Pr\u00e1vo na omezen\u00ed zpracov\u00e1n\u00ed<\/strong> - za ur\u010dit\u00fdch podm\u00ednek m\u00e1te pr\u00e1vo po\u017e\u00e1dat na\u0161i spole\u010dnost o omezen\u00ed zpracov\u00e1n\u00ed va\u0161ich osobn\u00edch \u00fadaj\u016f.<\/p>\n<p><strong>Pr\u00e1vo vzn\u00e9st n\u00e1mitku proti zpracov\u00e1n\u00ed<\/strong> - za ur\u010dit\u00fdch podm\u00ednek m\u00e1te pr\u00e1vo vzn\u00e9st n\u00e1mitku proti zpracov\u00e1n\u00ed va\u0161ich osobn\u00edch \u00fadaj\u016f na\u0161\u00ed spole\u010dnost\u00ed.<\/p>\n<p><strong>Pr\u00e1vo na p\u0159enositelnost \u00fadaj\u016f<\/strong> - m\u00e1te pr\u00e1vo po\u017e\u00e1dat na\u0161i spole\u010dnost, aby za ur\u010dit\u00fdch podm\u00ednek p\u0159edala \u00fadaje, kter\u00e9 jsme shrom\u00e1\u017edili, jin\u00e9 organizaci nebo p\u0159\u00edmo v\u00e1m.<\/p>\n<p>Pokud pod\u00e1te \u017e\u00e1dost, m\u00e1me jeden m\u011bs\u00edc na odpov\u011b\u010f. Pokud chcete uplatnit n\u011bkter\u00e9 z t\u011bchto pr\u00e1v, kontaktujte n\u00e1s pros\u00edm prost\u0159ednictv\u00edm kontaktn\u00edho formul\u00e1\u0159e na kontaktn\u00ed str\u00e1nce. <\/p>\n<p><strong>Soubory cookie<\/strong><\/p>\n<p>Soubory cookie jsou textov\u00e9 soubory, kter\u00e9 se ukl\u00e1daj\u00ed do va\u0161eho po\u010d\u00edta\u010de a shroma\u017e\u010fuj\u00ed standardn\u00ed informace z internetov\u00fdch protokol\u016f a informace o chov\u00e1n\u00ed n\u00e1v\u0161t\u011bvn\u00edk\u016f. Kdy\u017e nav\u0161t\u00edv\u00edte na\u0161e webov\u00e9 str\u00e1nky, m\u016f\u017eeme od v\u00e1s automaticky shroma\u017e\u010fovat informace prost\u0159ednictv\u00edm soubor\u016f cookie nebo podobn\u00fdch technologi\u00ed.<\/p>\n<p>Dal\u0161\u00ed informace najdete na webu allaboutcookies.org.<\/p>\n<p><strong>Jak pou\u017e\u00edv\u00e1me soubory cookie?<\/strong><\/p>\n<p>Na\u0161e spole\u010dnost pou\u017e\u00edv\u00e1 soubory cookie r\u016fzn\u00fdmi zp\u016fsoby, aby zlep\u0161ila va\u0161i zku\u0161enost s na\u0161imi webov\u00fdmi str\u00e1nkami, v\u010detn\u011b:<\/p>\n<ul>\n<li>Porozum\u011bn\u00ed tomu, jak pou\u017e\u00edv\u00e1te na\u0161e webov\u00e9 str\u00e1nky<\/li>\n<\/ul>\n<p><strong>Jak\u00e9 typy soubor\u016f cookie pou\u017e\u00edv\u00e1me?<\/strong><\/p>\n<p>Existuje \u0159ada r\u016fzn\u00fdch typ\u016f soubor\u016f cookie, na\u0161e webov\u00e9 str\u00e1nky v\u0161ak pou\u017e\u00edvaj\u00ed:<\/p>\n<ul>\n<li>Funk\u010dnost - Na\u0161e spole\u010dnost pou\u017e\u00edv\u00e1 tyto soubory cookie, abychom v\u00e1s na na\u0161ich webov\u00fdch str\u00e1nk\u00e1ch rozpoznali a zapamatovali si va\u0161e d\u0159\u00edve zvolen\u00e9 preference. Mezi n\u011b m\u016f\u017ee pat\u0159it jazyk, kter\u00fd preferujete, a lokalita, ve kter\u00e9 se nach\u00e1z\u00edte. Pou\u017e\u00edv\u00e1 se kombinace soubor\u016f cookie prvn\u00ed strany a t\u0159et\u00edch stran.<\/li>\n<li>Reklama - Na\u0161e spole\u010dnost pou\u017e\u00edv\u00e1 tyto soubory cookie ke shroma\u017e\u010fov\u00e1n\u00ed informac\u00ed o va\u0161\u00ed n\u00e1v\u0161t\u011bv\u011b na\u0161ich webov\u00fdch str\u00e1nek, o obsahu, kter\u00fd jste si prohl\u00e9dli, o odkazech, kter\u00e9 jste n\u00e1sledovali, a informac\u00ed o va\u0161em prohl\u00ed\u017ee\u010di, za\u0159\u00edzen\u00ed a va\u0161\u00ed IP adrese. Na\u0161e spole\u010dnost n\u011bkdy sd\u00edl\u00ed n\u011bkter\u00e9 omezen\u00e9 aspekty t\u011bchto \u00fadaj\u016f s t\u0159et\u00edmi stranami pro reklamn\u00ed \u00fa\u010dely. \u00dadaje shrom\u00e1\u017ed\u011bn\u00e9 prost\u0159ednictv\u00edm soubor\u016f cookie m\u016f\u017eeme tak\u00e9 sd\u00edlet s na\u0161imi reklamn\u00edmi partnery. To znamen\u00e1, \u017ee kdy\u017e nav\u0161t\u00edv\u00edte jinou webovou str\u00e1nku, m\u016f\u017ee se v\u00e1m zobrazovat reklama na z\u00e1klad\u011b va\u0161ich zvyklost\u00ed p\u0159i prohl\u00ed\u017een\u00ed na\u0161ich webov\u00fdch str\u00e1nek.<\/li>\n<\/ul>\n<p><strong>Jak spravovat soubory cookie<\/strong><\/p>\n<p>V prohl\u00ed\u017ee\u010di m\u016f\u017eete nastavit, aby soubory cookie nep\u0159ij\u00edmal, a na v\u00fd\u0161e uveden\u00e9 webov\u00e9 str\u00e1nce se dozv\u00edte, jak soubory cookie z prohl\u00ed\u017ee\u010de odstranit. V n\u011bkolika p\u0159\u00edpadech v\u0161ak mohou n\u011bkter\u00e9 funkce na\u0161ich webov\u00fdch str\u00e1nek v d\u016fsledku toho nefungovat.<\/p>\n<p><strong>Z\u00e1sady ochrany osobn\u00edch \u00fadaj\u016f jin\u00fdch webov\u00fdch str\u00e1nek<\/strong><\/p>\n<p>Webov\u00e9 str\u00e1nky na\u0161\u00ed spole\u010dnosti obsahuj\u00ed odkazy na jin\u00e9 webov\u00e9 str\u00e1nky. Na\u0161e z\u00e1sady ochrany osobn\u00edch \u00fadaj\u016f se vztahuj\u00ed pouze na na\u0161e webov\u00e9 str\u00e1nky, tak\u017ee pokud kliknete na odkaz na jin\u00e9 webov\u00e9 str\u00e1nky, m\u011bli byste si p\u0159e\u010d\u00edst jejich z\u00e1sady ochrany osobn\u00edch \u00fadaj\u016f.<\/p>\n<p><strong>Zm\u011bny na\u0161ich z\u00e1sad ochrany osobn\u00edch \u00fadaj\u016f<\/strong><\/p>\n<p>Na\u0161e spole\u010dnost pravideln\u011b kontroluje sv\u00e9 z\u00e1sady ochrany osobn\u00edch \u00fadaj\u016f a ve\u0161ker\u00e9 aktualizace zve\u0159ej\u0148uje na t\u00e9to webov\u00e9 str\u00e1nce. Tyto z\u00e1sady ochrany osobn\u00edch \u00fadaj\u016f byly naposledy aktualizov\u00e1ny 1. ledna 2022.<\/p>\n","protected":false},"excerpt":{"rendered":"<p>Na\u0161e z\u00e1sady ochrany osobn\u00edch \u00fadaj\u016f Tyto z\u00e1sady ochrany osobn\u00edch \u00fadaj\u016f vysv\u011btluj\u00ed, jak na\u0161e organizace pou\u017e\u00edv\u00e1 osobn\u00ed \u00fadaje, kter\u00e9 od v\u00e1s shroma\u017e\u010fujeme p\u0159i pou\u017e\u00edv\u00e1n\u00ed na\u0161ich webov\u00fdch str\u00e1nek. T\u00e9mata: Jak\u00e9 \u00fadaje  [&#8230;]<\/p>\n","protected":false},"author":1,"featured_media":0,"parent":0,"menu_order":0,"comment_status":"closed","ping_status":"closed","template":"","meta":{"_acf_changed":false,"footnotes":""},"class_list":["post-1918","page","type-page","status-publish","hentry"],"acf":[],"_links":{"self":[{"href":"https:\/\/www.pacellico.com\/cs\/wp-json\/wp\/v2\/pages\/1918","targetHints":{"allow":["GET"]}}],"collection":[{"href":"https:\/\/www.pacellico.com\/cs\/wp-json\/wp\/v2\/pages"}],"about":[{"href":"https:\/\/www.pacellico.com\/cs\/wp-json\/wp\/v2\/types\/page"}],"author":[{"embeddable":true,"href":"https:\/\/www.pacellico.com\/cs\/wp-json\/wp\/v2\/users\/1"}],"replies":[{"embeddable":true,"href":"https:\/\/www.pacellico.com\/cs\/wp-json\/wp\/v2\/comments?post=1918"}],"version-history":[{"count":1,"href":"https:\/\/www.pacellico.com\/cs\/wp-json\/wp\/v2\/pages\/1918\/revisions"}],"predecessor-version":[{"id":1925,"href":"https:\/\/www.pacellico.com\/cs\/wp-json\/wp\/v2\/pages\/1918\/revisions\/1925"}],"wp:attachment":[{"href":"https:\/\/www.pacellico.com\/cs\/wp-json\/wp\/v2\/media?parent=1918"}],"curies":[{"name":"wp","href":"https:\/\/api.w.org\/{rel}","templated":true}]}}