{"id":1949,"date":"2023-08-10T18:45:30","date_gmt":"2023-08-10T16:45:30","guid":{"rendered":"https:\/\/www.pacellico.com\/tym-pacellico\/jeff-reece\/"},"modified":"2025-03-16T18:42:44","modified_gmt":"2025-03-16T17:42:44","slug":"jeff-reece","status":"publish","type":"page","link":"https:\/\/www.pacellico.com\/cs\/tym-pacellico\/jeff-reece\/","title":{"rendered":"Jeff Reece"},"content":{"rendered":"<p><div class=\"fusion-fullwidth fullwidth-box fusion-builder-row-1 fusion-flex-container has-pattern-background has-mask-background nonhundred-percent-fullwidth non-hundred-percent-height-scrolling\" style=\"--awb-border-radius-top-left:0px;--awb-border-radius-top-right:0px;--awb-border-radius-bottom-right:0px;--awb-border-radius-bottom-left:0px;--awb-flex-wrap:wrap;\" ><div class=\"fusion-builder-row fusion-row fusion-flex-align-items-flex-start fusion-flex-content-wrap\" style=\"max-width:1352px;margin-left: calc(-4% \/ 2 );margin-right: calc(-4% \/ 2 );\"><div class=\"fusion-layout-column fusion_builder_column fusion-builder-column-0 fusion_builder_column_1_4 1_4 fusion-flex-column\" style=\"--awb-bg-size:cover;--awb-width-large:25%;--awb-margin-top-large:0px;--awb-spacing-right-large:7.68%;--awb-margin-bottom-large:20px;--awb-spacing-left-large:7.68%;--awb-width-medium:25%;--awb-order-medium:0;--awb-spacing-right-medium:7.68%;--awb-spacing-left-medium:7.68%;--awb-width-small:100%;--awb-order-small:0;--awb-spacing-right-small:1.92%;--awb-spacing-left-small:1.92%;\"><div class=\"fusion-column-wrapper fusion-column-has-shadow fusion-flex-justify-content-flex-start fusion-content-layout-column\"><div class=\"fusion-image-element \" style=\"--awb-caption-title-font-family:var(--h2_typography-font-family);--awb-caption-title-font-weight:var(--h2_typography-font-weight);--awb-caption-title-font-style:var(--h2_typography-font-style);--awb-caption-title-size:var(--h2_typography-font-size);--awb-caption-title-transform:var(--h2_typography-text-transform);--awb-caption-title-line-height:var(--h2_typography-line-height);--awb-caption-title-letter-spacing:var(--h2_typography-letter-spacing);\"><span class=\" fusion-imageframe imageframe-none imageframe-1 hover-type-none\"><img decoding=\"async\" width=\"300\" height=\"400\" title=\"Jeff Reece\" src=\"https:\/\/www.pacellico.com\/wp-content\/uploads\/2023\/07\/Jeff-Reece.jpg\" data-orig-src=\"https:\/\/www.pacellico.com\/wp-content\/uploads\/2023\/07\/Jeff-Reece.jpg\" alt class=\"lazyload img-responsive wp-image-1748\" srcset=\"data:image\/svg+xml,%3Csvg%20xmlns%3D%27http%3A%2F%2Fwww.w3.org%2F2000%2Fsvg%27%20width%3D%27300%27%20height%3D%27400%27%20viewBox%3D%270%200%20300%20400%27%3E%3Crect%20width%3D%27300%27%20height%3D%27400%27%20fill-opacity%3D%220%22%2F%3E%3C%2Fsvg%3E\" data-srcset=\"https:\/\/www.pacellico.com\/wp-content\/uploads\/2023\/07\/Jeff-Reece-200x267.jpg 200w, https:\/\/www.pacellico.com\/wp-content\/uploads\/2023\/07\/Jeff-Reece.jpg 300w\" data-sizes=\"auto\" data-orig-sizes=\"(max-width: 640px) 100vw, 300px\" \/><\/span><\/div><\/div><\/div><div class=\"fusion-layout-column fusion_builder_column fusion-builder-column-1 fusion_builder_column_3_4 3_4 fusion-flex-column\" style=\"--awb-bg-size:cover;--awb-width-large:75%;--awb-margin-top-large:0px;--awb-spacing-right-large:2.56%;--awb-margin-bottom-large:20px;--awb-spacing-left-large:2.56%;--awb-width-medium:75%;--awb-order-medium:0;--awb-spacing-right-medium:2.56%;--awb-spacing-left-medium:2.56%;--awb-width-small:100%;--awb-order-small:0;--awb-spacing-right-small:1.92%;--awb-spacing-left-small:1.92%;\"><div class=\"fusion-column-wrapper fusion-column-has-shadow fusion-flex-justify-content-flex-start fusion-content-layout-column\"><div class=\"fusion-text fusion-text-1\"><h1>Jeff Reece<\/h1>\n<\/div><ul style=\"--awb-line-height:27.2px;--awb-icon-width:27.2px;--awb-icon-height:27.2px;--awb-icon-margin:11.2px;--awb-content-margin:38.4px;--awb-circlecolor:#65bc7b;--awb-circle-yes-font-size:14.08px;\" class=\"fusion-checklist fusion-checklist-1 fusion-checklist-default type-icons\"><li class=\"fusion-li-item\" style=\"\"><span class=\"icon-wrapper circle-yes\"><i class=\"fusion-li-icon fa-check-circle fas\" aria-hidden=\"true\"><\/i><\/span><div class=\"fusion-li-item-content\">\n<p>Rozvoj podnik\u00e1n\u00ed<\/p>\n<\/div><\/li><li class=\"fusion-li-item\" style=\"\"><span class=\"icon-wrapper circle-yes\"><i class=\"fusion-li-icon fa-check-circle fas\" aria-hidden=\"true\"><\/i><\/span><div class=\"fusion-li-item-content\">\n<p>Spr\u00e1va \u00fa\u010dt\u016f<\/p>\n<\/div><\/li><li class=\"fusion-li-item\" style=\"\"><span class=\"icon-wrapper circle-yes\"><i class=\"fusion-li-icon fa-check-circle fas\" aria-hidden=\"true\"><\/i><\/span><div class=\"fusion-li-item-content\">\n<p>F\u00daZE A AKVIZICE<\/p>\n<\/div><\/li><\/ul><\/div><\/div><\/div><\/div><div class=\"fusion-fullwidth fullwidth-box fusion-builder-row-2 fusion-flex-container has-pattern-background has-mask-background nonhundred-percent-fullwidth non-hundred-percent-height-scrolling\" style=\"--awb-border-radius-top-left:0px;--awb-border-radius-top-right:0px;--awb-border-radius-bottom-right:0px;--awb-border-radius-bottom-left:0px;--awb-flex-wrap:wrap;\" ><div class=\"fusion-builder-row fusion-row fusion-flex-align-items-flex-start fusion-flex-content-wrap\" style=\"max-width:1352px;margin-left: calc(-4% \/ 2 );margin-right: calc(-4% \/ 2 );\"><div class=\"fusion-layout-column fusion_builder_column fusion-builder-column-2 fusion_builder_column_1_1 1_1 fusion-flex-column\" style=\"--awb-bg-size:cover;--awb-width-large:100%;--awb-margin-top-large:0px;--awb-spacing-right-large:1.92%;--awb-margin-bottom-large:20px;--awb-spacing-left-large:1.92%;--awb-width-medium:100%;--awb-order-medium:0;--awb-spacing-right-medium:1.92%;--awb-spacing-left-medium:1.92%;--awb-width-small:100%;--awb-order-small:0;--awb-spacing-right-small:1.92%;--awb-spacing-left-small:1.92%;\"><div class=\"fusion-column-wrapper fusion-column-has-shadow fusion-flex-justify-content-flex-start fusion-content-layout-column\"><div class=\"fusion-text fusion-text-2\"><p>Jeff p\u016fsob\u00ed v\u00edce ne\u017e 30 let jako glob\u00e1ln\u00ed vedouc\u00ed pracovn\u00edk s rozs\u00e1hl\u00fdmi zku\u0161enostmi v oblasti rozvoje obchodu, \u0159\u00edzen\u00ed z\u00e1kazn\u00edk\u016f, v\u00fdroby \u0161pi\u010dkov\u00fdch technologi\u00ed, start-up prost\u0159ed\u00ed a f\u00faz\u00ed a akvizic.<\/p>\n<p>V\u00fdznamn\u00e9 interakce na \u00farovni p\u0159edstavenstva a zku\u0161enosti s veden\u00edm velk\u00fdch, komplexn\u00edch a mezin\u00e1rodn\u00edch t\u00fdm\u016f. Prokazateln\u00e9 v\u00fdsledky d\u00edky stabiln\u00edmu veden\u00ed, strategick\u00e9mu my\u0161len\u00ed a spolehliv\u00e9mu \u0159\u00edzen\u00ed p\u0159\u00edjm\u016f a v\u00fddaj\u016f. Zku\u0161enosti v oblasti dodavatelsk\u00e9ho \u0159et\u011bzce a provozu v Severn\u00ed Americe, Evrop\u011b a Asii.  <\/p>\n<p>B\u011bhem sv\u00e9 kari\u00e9ry Jeff \u0159\u00eddil strategick\u00e9 aktivity v oblasti f\u00faz\u00ed a akvizic v n\u011bkolika zem\u00edch, kter\u00e9 vedly k r\u016fstu p\u0159\u00edjm\u016f.B\u011bhem sv\u00e9ho p\u016fsoben\u00ed ve spole\u010dnosti Flex Jeff \u0159\u00eddil obchodn\u00ed jednotku v hodnot\u011b v\u00edce ne\u017e 6 miliard dolar\u016f, v\u010detn\u011b velk\u00fdch, komplexn\u00edch glob\u00e1ln\u00edch t\u00fdm\u016f se z\u00e1kazn\u00edky o velikosti od za\u010d\u00ednaj\u00edc\u00edch a\u017e po 2 miliardy dolar\u016f, v\u010detn\u011b prodeje a rozvoje podnik\u00e1n\u00ed, odpov\u011bdnosti za P&amp;L, n\u00e1vrhu dodavatelsk\u00e9ho \u0159et\u011bzce a realizace v\u00fdroby.<\/p>\n<p>Kl\u00ed\u010dov\u00fd \u010dlen t\u00fdmu vrcholov\u00e9ho veden\u00ed spole\u010dnosti Catena Networks. Za\u010d\u00ednaj\u00edc\u00ed podnik se s\u00eddlem v Ottaw\u011b, kter\u00fd byl prod\u00e1n za 487 milion\u016f dolar\u016f (USA) spole\u010dnosti Ciena Corp.<br \/>\nZku\u0161enosti s navrhov\u00e1n\u00edm dodavatelsk\u00e9ho \u0159et\u011bzce v \u0161irok\u00e9m spektru technologick\u00fdch a spot\u0159ebn\u00edch produkt\u016f; v USA, Kanad\u011b, Mexiku, Evrop\u011b a Asii.<br \/>\nRozs\u00e1hl\u00e9 provozn\u00ed zku\u0161enosti v Mexiku, v\u00fdchodn\u00ed Evrop\u011b a Asii (\u010c\u00edna, Indie, Malajsie, Thajsko, Singapur, Indon\u00e9sie).<\/p>\n<\/div><\/div><\/div><\/div><\/div><\/p>\n","protected":false},"excerpt":{"rendered":"","protected":false},"author":1,"featured_media":0,"parent":1932,"menu_order":0,"comment_status":"closed","ping_status":"closed","template":"","meta":{"_acf_changed":false,"footnotes":""},"class_list":["post-1949","page","type-page","status-publish","hentry"],"acf":[],"_links":{"self":[{"href":"https:\/\/www.pacellico.com\/cs\/wp-json\/wp\/v2\/pages\/1949","targetHints":{"allow":["GET"]}}],"collection":[{"href":"https:\/\/www.pacellico.com\/cs\/wp-json\/wp\/v2\/pages"}],"about":[{"href":"https:\/\/www.pacellico.com\/cs\/wp-json\/wp\/v2\/types\/page"}],"author":[{"embeddable":true,"href":"https:\/\/www.pacellico.com\/cs\/wp-json\/wp\/v2\/users\/1"}],"replies":[{"embeddable":true,"href":"https:\/\/www.pacellico.com\/cs\/wp-json\/wp\/v2\/comments?post=1949"}],"version-history":[{"count":4,"href":"https:\/\/www.pacellico.com\/cs\/wp-json\/wp\/v2\/pages\/1949\/revisions"}],"predecessor-version":[{"id":1959,"href":"https:\/\/www.pacellico.com\/cs\/wp-json\/wp\/v2\/pages\/1949\/revisions\/1959"}],"up":[{"embeddable":true,"href":"https:\/\/www.pacellico.com\/cs\/wp-json\/wp\/v2\/pages\/1932"}],"wp:attachment":[{"href":"https:\/\/www.pacellico.com\/cs\/wp-json\/wp\/v2\/media?parent=1949"}],"curies":[{"name":"wp","href":"https:\/\/api.w.org\/{rel}","templated":true}]}}