{"id":1961,"date":"2023-08-10T18:34:41","date_gmt":"2023-08-10T16:34:41","guid":{"rendered":"https:\/\/www.pacellico.com\/tym-pacellico\/thompson-mcdaniel\/"},"modified":"2025-03-16T18:42:46","modified_gmt":"2025-03-16T17:42:46","slug":"thompson-mcdaniel","status":"publish","type":"page","link":"https:\/\/www.pacellico.com\/cs\/tym-pacellico\/thompson-mcdaniel\/","title":{"rendered":"Thompson McDaniel"},"content":{"rendered":"<p><div class=\"fusion-fullwidth fullwidth-box fusion-builder-row-1 fusion-flex-container has-pattern-background has-mask-background nonhundred-percent-fullwidth non-hundred-percent-height-scrolling\" style=\"--awb-border-radius-top-left:0px;--awb-border-radius-top-right:0px;--awb-border-radius-bottom-right:0px;--awb-border-radius-bottom-left:0px;--awb-flex-wrap:wrap;\" ><div class=\"fusion-builder-row fusion-row fusion-flex-align-items-flex-start fusion-flex-content-wrap\" style=\"max-width:1352px;margin-left: calc(-4% \/ 2 );margin-right: calc(-4% \/ 2 );\"><div class=\"fusion-layout-column fusion_builder_column fusion-builder-column-0 fusion_builder_column_1_4 1_4 fusion-flex-column\" style=\"--awb-bg-size:cover;--awb-width-large:25%;--awb-margin-top-large:0px;--awb-spacing-right-large:7.68%;--awb-margin-bottom-large:20px;--awb-spacing-left-large:7.68%;--awb-width-medium:25%;--awb-order-medium:0;--awb-spacing-right-medium:7.68%;--awb-spacing-left-medium:7.68%;--awb-width-small:100%;--awb-order-small:0;--awb-spacing-right-small:1.92%;--awb-spacing-left-small:1.92%;\"><div class=\"fusion-column-wrapper fusion-column-has-shadow fusion-flex-justify-content-flex-start fusion-content-layout-column\"><div class=\"fusion-image-element \" style=\"--awb-caption-title-font-family:var(--h2_typography-font-family);--awb-caption-title-font-weight:var(--h2_typography-font-weight);--awb-caption-title-font-style:var(--h2_typography-font-style);--awb-caption-title-size:var(--h2_typography-font-size);--awb-caption-title-transform:var(--h2_typography-text-transform);--awb-caption-title-line-height:var(--h2_typography-line-height);--awb-caption-title-letter-spacing:var(--h2_typography-letter-spacing);\"><span class=\" fusion-imageframe imageframe-none imageframe-1 hover-type-none\"><img decoding=\"async\" width=\"300\" height=\"400\" title=\"Tom 2\" src=\"https:\/\/www.pacellico.com\/wp-content\/uploads\/2023\/07\/Tom-2.jpg\" data-orig-src=\"https:\/\/www.pacellico.com\/wp-content\/uploads\/2023\/07\/Tom-2.jpg\" alt class=\"lazyload img-responsive wp-image-1761\" srcset=\"data:image\/svg+xml,%3Csvg%20xmlns%3D%27http%3A%2F%2Fwww.w3.org%2F2000%2Fsvg%27%20width%3D%27300%27%20height%3D%27400%27%20viewBox%3D%270%200%20300%20400%27%3E%3Crect%20width%3D%27300%27%20height%3D%27400%27%20fill-opacity%3D%220%22%2F%3E%3C%2Fsvg%3E\" data-srcset=\"https:\/\/www.pacellico.com\/wp-content\/uploads\/2023\/07\/Tom-2-200x267.jpg 200w, https:\/\/www.pacellico.com\/wp-content\/uploads\/2023\/07\/Tom-2.jpg 300w\" data-sizes=\"auto\" data-orig-sizes=\"(max-width: 640px) 100vw, 300px\" \/><\/span><\/div><\/div><\/div><div class=\"fusion-layout-column fusion_builder_column fusion-builder-column-1 fusion_builder_column_3_4 3_4 fusion-flex-column\" style=\"--awb-bg-size:cover;--awb-width-large:75%;--awb-margin-top-large:0px;--awb-spacing-right-large:2.56%;--awb-margin-bottom-large:20px;--awb-spacing-left-large:2.56%;--awb-width-medium:75%;--awb-order-medium:0;--awb-spacing-right-medium:2.56%;--awb-spacing-left-medium:2.56%;--awb-width-small:100%;--awb-order-small:0;--awb-spacing-right-small:1.92%;--awb-spacing-left-small:1.92%;\"><div class=\"fusion-column-wrapper fusion-column-has-shadow fusion-flex-justify-content-flex-start fusion-content-layout-column\"><div class=\"fusion-text fusion-text-1\"><h1>Thompson McDaniel<\/h1>\n<\/div><ul style=\"--awb-line-height:27.2px;--awb-icon-width:27.2px;--awb-icon-height:27.2px;--awb-icon-margin:11.2px;--awb-content-margin:38.4px;--awb-circlecolor:#65bc7b;--awb-circle-yes-font-size:14.08px;\" class=\"fusion-checklist fusion-checklist-1 fusion-checklist-default type-icons\"><li class=\"fusion-li-item\" style=\"\"><span class=\"icon-wrapper circle-yes\"><i class=\"fusion-li-icon fa-check-circle fas\" aria-hidden=\"true\"><\/i><\/span><div class=\"fusion-li-item-content\">\n<p>V\u00fdrobn\u00ed operace<\/p>\n<\/div><\/li><li class=\"fusion-li-item\" style=\"\"><span class=\"icon-wrapper circle-yes\"><i class=\"fusion-li-icon fa-check-circle fas\" aria-hidden=\"true\"><\/i><\/span><div class=\"fusion-li-item-content\">\n<p>Lean Six Sigma<\/p>\n<\/div><\/li><li class=\"fusion-li-item\" style=\"\"><span class=\"icon-wrapper circle-yes\"><i class=\"fusion-li-icon fa-check-circle fas\" aria-hidden=\"true\"><\/i><\/span><div class=\"fusion-li-item-content\">\n<p>\u0160kolen\u00ed<\/p>\n<\/div><\/li><\/ul><\/div><\/div><\/div><\/div><div class=\"fusion-fullwidth fullwidth-box fusion-builder-row-2 fusion-flex-container has-pattern-background has-mask-background nonhundred-percent-fullwidth non-hundred-percent-height-scrolling\" style=\"--awb-border-radius-top-left:0px;--awb-border-radius-top-right:0px;--awb-border-radius-bottom-right:0px;--awb-border-radius-bottom-left:0px;--awb-flex-wrap:wrap;\" ><div class=\"fusion-builder-row fusion-row fusion-flex-align-items-flex-start fusion-flex-content-wrap\" style=\"max-width:1352px;margin-left: calc(-4% \/ 2 );margin-right: calc(-4% \/ 2 );\"><div class=\"fusion-layout-column fusion_builder_column fusion-builder-column-2 fusion_builder_column_1_1 1_1 fusion-flex-column\" style=\"--awb-bg-size:cover;--awb-width-large:100%;--awb-margin-top-large:0px;--awb-spacing-right-large:1.92%;--awb-margin-bottom-large:20px;--awb-spacing-left-large:1.92%;--awb-width-medium:100%;--awb-order-medium:0;--awb-spacing-right-medium:1.92%;--awb-spacing-left-medium:1.92%;--awb-width-small:100%;--awb-order-small:0;--awb-spacing-right-small:1.92%;--awb-spacing-left-small:1.92%;\"><div class=\"fusion-column-wrapper fusion-column-has-shadow fusion-flex-justify-content-flex-start fusion-content-layout-column\"><div class=\"fusion-text fusion-text-2\"><p>Tom m\u00e1 v\u00edce ne\u017e 25 let zku\u0161enost\u00ed s veden\u00edm organizac\u00ed a v\u00fdkonn\u00fdch t\u00fdm\u016f v oblasti transformace podnik\u00e1n\u00ed v dodavatelsk\u00e9m \u0159et\u011bzci, provozu a technologi\u00edch, v\u010detn\u011b integrace f\u00faz\u00ed a akvizic. Tom m\u00e1 za sebou prokazateln\u00e9 v\u00fdsledky p\u0159i realizaci v\u00edce ne\u017e 200 projekt\u016f a ov\u011b\u0159en\u00fdch \u00faspor ve v\u00fd\u0161i v\u00edce ne\u017e 100 milion\u016f eur v r\u016fzn\u00fdch glob\u00e1ln\u00edch prost\u0159ed\u00edch, p\u0159i\u010dem\u017e dos\u00e1hl m\u011b\u0159iteln\u00e9ho dopadu a organiza\u010dn\u00edch zm\u011bn. Tom je certifikovan\u00fdm dr\u017eitelem \u010dern\u00e9ho p\u00e1su Lean Six Sigma Black Belt a v\u00fdkonn\u00fdm kou\u010dem.  <\/p>\n<p>Tom p\u016fsobil jako konzultant v n\u011bkolika v\u00fdznamn\u00fdch poradensk\u00fdch spole\u010dnostech (Deloitte, PwC), kde vedl \u0159adu rozs\u00e1hl\u00fdch transformac\u00ed pro nadn\u00e1rodn\u00ed spole\u010dnosti v Evrop\u011b, Asii a Severn\u00ed Americe.<\/p>\n<p>Tom zast\u00e1val tak\u00e9 vedouc\u00ed pozice v pr\u016fmyslu. Tom byl glob\u00e1ln\u00edm vedouc\u00edm v\u00fdrobn\u00edho dodavatelsk\u00e9ho \u0159et\u011bzce a transak\u010dn\u00ed excelence ve spole\u010dnosti Outokumpu, jedn\u00e9 z p\u0159edn\u00edch sv\u011btov\u00fdch spole\u010dnost\u00ed v oblasti nerezov\u00e9 oceli, kde podporoval a vedl zlep\u0161ov\u00e1n\u00ed proces\u016f, projekty &#8222;\u010dern\u00e9ho p\u00e1su&#8220; a komplexn\u00ed transformaci dodavatelsk\u00e9ho \u0159et\u011bzce, kter\u00e1 vedla ke kombinovan\u00fdm \u00faspor\u00e1m a uvoln\u011bn\u00ed hotovosti ve v\u00fd\u0161i 30 milion\u016f eur.<\/p>\n<\/div><\/div><\/div><\/div><\/div><\/p>\n","protected":false},"excerpt":{"rendered":"","protected":false},"author":1,"featured_media":0,"parent":1932,"menu_order":0,"comment_status":"closed","ping_status":"closed","template":"","meta":{"_acf_changed":false,"footnotes":""},"class_list":["post-1961","page","type-page","status-publish","hentry"],"acf":[],"_links":{"self":[{"href":"https:\/\/www.pacellico.com\/cs\/wp-json\/wp\/v2\/pages\/1961","targetHints":{"allow":["GET"]}}],"collection":[{"href":"https:\/\/www.pacellico.com\/cs\/wp-json\/wp\/v2\/pages"}],"about":[{"href":"https:\/\/www.pacellico.com\/cs\/wp-json\/wp\/v2\/types\/page"}],"author":[{"embeddable":true,"href":"https:\/\/www.pacellico.com\/cs\/wp-json\/wp\/v2\/users\/1"}],"replies":[{"embeddable":true,"href":"https:\/\/www.pacellico.com\/cs\/wp-json\/wp\/v2\/comments?post=1961"}],"version-history":[{"count":4,"href":"https:\/\/www.pacellico.com\/cs\/wp-json\/wp\/v2\/pages\/1961\/revisions"}],"predecessor-version":[{"id":1973,"href":"https:\/\/www.pacellico.com\/cs\/wp-json\/wp\/v2\/pages\/1961\/revisions\/1973"}],"up":[{"embeddable":true,"href":"https:\/\/www.pacellico.com\/cs\/wp-json\/wp\/v2\/pages\/1932"}],"wp:attachment":[{"href":"https:\/\/www.pacellico.com\/cs\/wp-json\/wp\/v2\/media?parent=1961"}],"curies":[{"name":"wp","href":"https:\/\/api.w.org\/{rel}","templated":true}]}}