{"id":1965,"date":"2023-08-10T18:58:24","date_gmt":"2023-08-10T16:58:24","guid":{"rendered":"https:\/\/www.pacellico.com\/tym-pacellico\/cornelia-wolf\/"},"modified":"2025-09-26T16:13:20","modified_gmt":"2025-09-26T14:13:20","slug":"cornelia-wolf","status":"publish","type":"page","link":"https:\/\/www.pacellico.com\/cs\/tym-pacellico\/cornelia-wolf\/","title":{"rendered":"Cornelia Wolff"},"content":{"rendered":"<p><div class=\"fusion-fullwidth fullwidth-box fusion-builder-row-1 fusion-flex-container has-pattern-background has-mask-background nonhundred-percent-fullwidth non-hundred-percent-height-scrolling\" style=\"--awb-border-radius-top-left:0px;--awb-border-radius-top-right:0px;--awb-border-radius-bottom-right:0px;--awb-border-radius-bottom-left:0px;--awb-flex-wrap:wrap;\" ><div class=\"fusion-builder-row fusion-row fusion-flex-align-items-flex-start fusion-flex-content-wrap\" style=\"max-width:1352px;margin-left: calc(-4% \/ 2 );margin-right: calc(-4% \/ 2 );\"><div class=\"fusion-layout-column fusion_builder_column fusion-builder-column-0 fusion_builder_column_1_4 1_4 fusion-flex-column\" style=\"--awb-bg-size:cover;--awb-width-large:25%;--awb-margin-top-large:0px;--awb-spacing-right-large:7.68%;--awb-margin-bottom-large:20px;--awb-spacing-left-large:7.68%;--awb-width-medium:25%;--awb-order-medium:0;--awb-spacing-right-medium:7.68%;--awb-spacing-left-medium:7.68%;--awb-width-small:100%;--awb-order-small:0;--awb-spacing-right-small:1.92%;--awb-spacing-left-small:1.92%;\"><div class=\"fusion-column-wrapper fusion-column-has-shadow fusion-flex-justify-content-flex-start fusion-content-layout-column\"><div class=\"fusion-image-element \" style=\"--awb-caption-title-font-family:var(--h2_typography-font-family);--awb-caption-title-font-weight:var(--h2_typography-font-weight);--awb-caption-title-font-style:var(--h2_typography-font-style);--awb-caption-title-size:var(--h2_typography-font-size);--awb-caption-title-transform:var(--h2_typography-text-transform);--awb-caption-title-line-height:var(--h2_typography-line-height);--awb-caption-title-letter-spacing:var(--h2_typography-letter-spacing);\"><span class=\" fusion-imageframe imageframe-none imageframe-1 hover-type-none\"><img decoding=\"async\" width=\"300\" height=\"400\" title=\"Cornelia Wolf\" src=\"https:\/\/www.pacellico.com\/wp-content\/uploads\/2023\/07\/Cornelia-Wolf.jpg\" data-orig-src=\"https:\/\/www.pacellico.com\/wp-content\/uploads\/2023\/07\/Cornelia-Wolf.jpg\" alt class=\"lazyload img-responsive wp-image-1752\" srcset=\"data:image\/svg+xml,%3Csvg%20xmlns%3D%27http%3A%2F%2Fwww.w3.org%2F2000%2Fsvg%27%20width%3D%27300%27%20height%3D%27400%27%20viewBox%3D%270%200%20300%20400%27%3E%3Crect%20width%3D%27300%27%20height%3D%27400%27%20fill-opacity%3D%220%22%2F%3E%3C%2Fsvg%3E\" data-srcset=\"https:\/\/www.pacellico.com\/wp-content\/uploads\/2023\/07\/Cornelia-Wolf-200x267.jpg 200w, https:\/\/www.pacellico.com\/wp-content\/uploads\/2023\/07\/Cornelia-Wolf.jpg 300w\" data-sizes=\"auto\" data-orig-sizes=\"(max-width: 640px) 100vw, 300px\" \/><\/span><\/div><\/div><\/div><div class=\"fusion-layout-column fusion_builder_column fusion-builder-column-1 fusion_builder_column_3_4 3_4 fusion-flex-column\" style=\"--awb-bg-size:cover;--awb-width-large:75%;--awb-margin-top-large:0px;--awb-spacing-right-large:2.56%;--awb-margin-bottom-large:20px;--awb-spacing-left-large:2.56%;--awb-width-medium:75%;--awb-order-medium:0;--awb-spacing-right-medium:2.56%;--awb-spacing-left-medium:2.56%;--awb-width-small:100%;--awb-order-small:0;--awb-spacing-right-small:1.92%;--awb-spacing-left-small:1.92%;\"><div class=\"fusion-column-wrapper fusion-column-has-shadow fusion-flex-justify-content-flex-start fusion-content-layout-column\"><div class=\"fusion-text fusion-text-1\"><h1>Cornelia Wolff<\/h1>\n<\/div><ul style=\"--awb-line-height:27.2px;--awb-icon-width:27.2px;--awb-icon-height:27.2px;--awb-icon-margin:11.2px;--awb-content-margin:38.4px;--awb-circlecolor:#65bc7b;--awb-circle-yes-font-size:14.08px;\" class=\"fusion-checklist fusion-checklist-1 fusion-checklist-default type-icons\"><li class=\"fusion-li-item\" style=\"\"><span class=\"icon-wrapper circle-yes\"><i class=\"fusion-li-icon fa-check-circle fas\" aria-hidden=\"true\"><\/i><\/span><div class=\"fusion-li-item-content\">\n<p>Finance a controlling<\/p>\n<\/div><\/li><li class=\"fusion-li-item\" style=\"\"><span class=\"icon-wrapper circle-yes\"><i class=\"fusion-li-icon fa-check-circle fas\" aria-hidden=\"true\"><\/i><\/span><div class=\"fusion-li-item-content\">\n<p>ERP a digitalizace<\/p>\n<\/div><\/li><li class=\"fusion-li-item\" style=\"\"><span class=\"icon-wrapper circle-yes\"><i class=\"fusion-li-icon fa-check-circle fas\" aria-hidden=\"true\"><\/i><\/span><div class=\"fusion-li-item-content\">\n<p>Dodavatelsk\u00fd \u0159et\u011bzec<\/p>\n<\/div><\/li><\/ul><\/div><\/div><\/div><\/div><div class=\"fusion-fullwidth fullwidth-box fusion-builder-row-2 fusion-flex-container has-pattern-background has-mask-background nonhundred-percent-fullwidth non-hundred-percent-height-scrolling\" style=\"--awb-border-radius-top-left:0px;--awb-border-radius-top-right:0px;--awb-border-radius-bottom-right:0px;--awb-border-radius-bottom-left:0px;--awb-flex-wrap:wrap;\" ><div class=\"fusion-builder-row fusion-row fusion-flex-align-items-flex-start fusion-flex-content-wrap\" style=\"max-width:1352px;margin-left: calc(-4% \/ 2 );margin-right: calc(-4% \/ 2 );\"><div class=\"fusion-layout-column fusion_builder_column fusion-builder-column-2 fusion_builder_column_1_1 1_1 fusion-flex-column\" style=\"--awb-bg-size:cover;--awb-width-large:100%;--awb-margin-top-large:0px;--awb-spacing-right-large:1.92%;--awb-margin-bottom-large:20px;--awb-spacing-left-large:1.92%;--awb-width-medium:100%;--awb-order-medium:0;--awb-spacing-right-medium:1.92%;--awb-spacing-left-medium:1.92%;--awb-width-small:100%;--awb-order-small:0;--awb-spacing-right-small:1.92%;--awb-spacing-left-small:1.92%;\"><div class=\"fusion-column-wrapper fusion-column-has-shadow fusion-flex-justify-content-flex-start fusion-content-layout-column\"><div class=\"fusion-text fusion-text-2\"><p>Cornelia je top mana\u017eerka s v\u00edce ne\u017e 20 lety zku\u0161enost\u00ed s veden\u00edm na r\u016fzn\u00fdch pozic\u00edch ve v\u00fdrobn\u00edm pr\u016fmyslu. B\u011bhem sv\u00e9 kari\u00e9ry z\u00edskala rozs\u00e1hl\u00e9 zku\u0161enosti v r\u016fzn\u00fdch oblastech, jako jsou finance a controlling, dodavatelsk\u00fd \u0159et\u011bzec a IT, a to jak ve vedouc\u00edch funkc\u00edch, tak i p\u0159i \u00fasp\u011b\u0161n\u00e9m veden\u00ed velk\u00fdch projekt\u016f s velk\u00fdm dopadem.<\/p>\n<p>Ve spole\u010dnosti Pfeiffer Vacuum se Cornelia pod\u00edlela na \u00fasp\u011bchu spole\u010dnosti vykon\u00e1v\u00e1n\u00edm r\u016fzn\u00fdch funkc\u00ed:<\/p>\n<p>Jako v\u00fdkonn\u00e1 finan\u010dn\u00ed \u0159editelka francouzsk\u00e9 dce\u0159in\u00e9 spole\u010dnosti \u0159\u00eddila \u00fa\u010detn\u00ed a kontroln\u00ed t\u00fdm, v\u00fdrazn\u011b zlep\u0161ila finan\u010dn\u00ed v\u00fdkonnost spole\u010dnosti a zavedla celosv\u011btov\u00fd syst\u00e9m vnit\u0159n\u00ed kontroly a \u0159\u00edzen\u00ed rizik. Jako \u0159editelka dodavatelsk\u00e9ho \u0159et\u011bzce, n\u00e1kupu a logistiky \u00fasp\u011b\u0161n\u011b realizovala projekt, jeho\u017e c\u00edlem bylo zlep\u0161it v\u010dasn\u00e9 dod\u00e1vky v\u00fdrobk\u016f ze 75 % na 95 %.<\/p>\n<p>Hlavn\u00edmi opat\u0159en\u00edmi, kter\u00e1 Cornelia \u0159\u00eddila v oblasti logistiky a distribuce, bylo zv\u00fd\u0161en\u00ed efektivity optimalizac\u00ed organizace logistiky, zaveden\u00edm procesu pick to light, zaveden\u00edm mobiln\u00edch \u0159e\u0161en\u00ed, zaveden\u00edm syst\u00e9mu \u0159\u00edzen\u00ed sklad\u016f a jedn\u00e1n\u00edm s kl\u00ed\u010dov\u00fdmi dodavateli o \u0159\u00edzen\u00ed z\u00e1sob v jejich s\u00eddle. Na z\u00e1klad\u011b \u00fasp\u011bchu ve francouzsk\u00e9 pobo\u010dce byla Cornelia pov\u00fd\u0161ena na vedouc\u00ed glob\u00e1ln\u00edho IT odd\u011blen\u00ed celosv\u011btov\u00e9 skupiny Pfeiffer Vacuum Group. Jej\u00edmi hlavn\u00edmi \u00fasp\u011bchy v t\u00e9to funkci byla transformace m\u00edstn\u00edch IT organizac\u00ed do jedn\u00e9 glob\u00e1ln\u00ed integrovan\u00e9 organizace a spu\u0161t\u011bn\u00ed glob\u00e1ln\u00edho programu harmonizace ERP zalo\u017een\u00e9ho na syst\u00e9mu SAP S\/4 Hana.<\/p>\n<p>Jako finan\u010dn\u00ed \u0159editelka HPC AG, n\u011bmeck\u00e9 poradensk\u00e9 spole\u010dnosti v oblasti logistiky v kontextu SAP, a vedouc\u00ed finan\u010dn\u00edho odd\u011blen\u00ed a controllingu Resopal GmbH vyu\u017eila sv\u00e9 hlubok\u00e9 zku\u0161enosti v oblasti financ\u00ed a controllingu p\u0159i \u0159\u00edzen\u00ed finan\u010dn\u00edch odd\u011blen\u00ed v mezin\u00e1rodn\u00edm kontextu (v\u010detn\u011b US-GAAP) a p\u0159i akvizic\u00edch a restrukturalizac\u00edch.<\/p>\n<\/div><\/div><\/div><\/div><\/div><\/p>\n","protected":false},"excerpt":{"rendered":"","protected":false},"author":1,"featured_media":0,"parent":1932,"menu_order":0,"comment_status":"closed","ping_status":"closed","template":"","meta":{"_acf_changed":false,"footnotes":""},"class_list":["post-1965","page","type-page","status-publish","hentry"],"acf":[],"_links":{"self":[{"href":"https:\/\/www.pacellico.com\/cs\/wp-json\/wp\/v2\/pages\/1965","targetHints":{"allow":["GET"]}}],"collection":[{"href":"https:\/\/www.pacellico.com\/cs\/wp-json\/wp\/v2\/pages"}],"about":[{"href":"https:\/\/www.pacellico.com\/cs\/wp-json\/wp\/v2\/types\/page"}],"author":[{"embeddable":true,"href":"https:\/\/www.pacellico.com\/cs\/wp-json\/wp\/v2\/users\/1"}],"replies":[{"embeddable":true,"href":"https:\/\/www.pacellico.com\/cs\/wp-json\/wp\/v2\/comments?post=1965"}],"version-history":[{"count":6,"href":"https:\/\/www.pacellico.com\/cs\/wp-json\/wp\/v2\/pages\/1965\/revisions"}],"predecessor-version":[{"id":2490,"href":"https:\/\/www.pacellico.com\/cs\/wp-json\/wp\/v2\/pages\/1965\/revisions\/2490"}],"up":[{"embeddable":true,"href":"https:\/\/www.pacellico.com\/cs\/wp-json\/wp\/v2\/pages\/1932"}],"wp:attachment":[{"href":"https:\/\/www.pacellico.com\/cs\/wp-json\/wp\/v2\/media?parent=1965"}],"curies":[{"name":"wp","href":"https:\/\/api.w.org\/{rel}","templated":true}]}}