{"id":1966,"date":"2023-08-10T18:51:20","date_gmt":"2023-08-10T16:51:20","guid":{"rendered":"https:\/\/www.pacellico.com\/tym-pacellico\/michael-ressel\/"},"modified":"2025-03-16T18:42:47","modified_gmt":"2025-03-16T17:42:47","slug":"michael-ressel","status":"publish","type":"page","link":"https:\/\/www.pacellico.com\/cs\/tym-pacellico\/michael-ressel\/","title":{"rendered":"Michael Ressel"},"content":{"rendered":"<p><div class=\"fusion-fullwidth fullwidth-box fusion-builder-row-1 fusion-flex-container has-pattern-background has-mask-background nonhundred-percent-fullwidth non-hundred-percent-height-scrolling\" style=\"--awb-border-radius-top-left:0px;--awb-border-radius-top-right:0px;--awb-border-radius-bottom-right:0px;--awb-border-radius-bottom-left:0px;--awb-flex-wrap:wrap;\" ><div class=\"fusion-builder-row fusion-row fusion-flex-align-items-flex-start fusion-flex-content-wrap\" style=\"max-width:1352px;margin-left: calc(-4% \/ 2 );margin-right: calc(-4% \/ 2 );\"><div class=\"fusion-layout-column fusion_builder_column fusion-builder-column-0 fusion_builder_column_1_4 1_4 fusion-flex-column\" style=\"--awb-bg-size:cover;--awb-width-large:25%;--awb-margin-top-large:0px;--awb-spacing-right-large:7.68%;--awb-margin-bottom-large:20px;--awb-spacing-left-large:7.68%;--awb-width-medium:25%;--awb-order-medium:0;--awb-spacing-right-medium:7.68%;--awb-spacing-left-medium:7.68%;--awb-width-small:100%;--awb-order-small:0;--awb-spacing-right-small:1.92%;--awb-spacing-left-small:1.92%;\"><div class=\"fusion-column-wrapper fusion-column-has-shadow fusion-flex-justify-content-flex-start fusion-content-layout-column\"><div class=\"fusion-image-element \" style=\"--awb-caption-title-font-family:var(--h2_typography-font-family);--awb-caption-title-font-weight:var(--h2_typography-font-weight);--awb-caption-title-font-style:var(--h2_typography-font-style);--awb-caption-title-size:var(--h2_typography-font-size);--awb-caption-title-transform:var(--h2_typography-text-transform);--awb-caption-title-line-height:var(--h2_typography-line-height);--awb-caption-title-letter-spacing:var(--h2_typography-letter-spacing);\"><span class=\" fusion-imageframe imageframe-none imageframe-1 hover-type-none\"><img decoding=\"async\" width=\"300\" height=\"400\" title=\"Michael Ressel\" src=\"https:\/\/www.pacellico.com\/wp-content\/uploads\/2023\/08\/Michael-Ressel.jpg\" data-orig-src=\"https:\/\/www.pacellico.com\/wp-content\/uploads\/2023\/08\/Michael-Ressel.jpg\" alt class=\"lazyload img-responsive wp-image-1769\" srcset=\"data:image\/svg+xml,%3Csvg%20xmlns%3D%27http%3A%2F%2Fwww.w3.org%2F2000%2Fsvg%27%20width%3D%27300%27%20height%3D%27400%27%20viewBox%3D%270%200%20300%20400%27%3E%3Crect%20width%3D%27300%27%20height%3D%27400%27%20fill-opacity%3D%220%22%2F%3E%3C%2Fsvg%3E\" data-srcset=\"https:\/\/www.pacellico.com\/wp-content\/uploads\/2023\/08\/Michael-Ressel-200x267.jpg 200w, https:\/\/www.pacellico.com\/wp-content\/uploads\/2023\/08\/Michael-Ressel.jpg 300w\" data-sizes=\"auto\" data-orig-sizes=\"(max-width: 640px) 100vw, 300px\" \/><\/span><\/div><\/div><\/div><div class=\"fusion-layout-column fusion_builder_column fusion-builder-column-1 fusion_builder_column_3_4 3_4 fusion-flex-column\" style=\"--awb-bg-size:cover;--awb-width-large:75%;--awb-margin-top-large:0px;--awb-spacing-right-large:2.56%;--awb-margin-bottom-large:20px;--awb-spacing-left-large:2.56%;--awb-width-medium:75%;--awb-order-medium:0;--awb-spacing-right-medium:2.56%;--awb-spacing-left-medium:2.56%;--awb-width-small:100%;--awb-order-small:0;--awb-spacing-right-small:1.92%;--awb-spacing-left-small:1.92%;\"><div class=\"fusion-column-wrapper fusion-column-has-shadow fusion-flex-justify-content-flex-start fusion-content-layout-column\"><div class=\"fusion-text fusion-text-1\"><h1>Michael Ressel<\/h1>\n<\/div><ul style=\"--awb-line-height:27.2px;--awb-icon-width:27.2px;--awb-icon-height:27.2px;--awb-icon-margin:11.2px;--awb-content-margin:38.4px;--awb-circlecolor:#65bc7b;--awb-circle-yes-font-size:14.08px;\" class=\"fusion-checklist fusion-checklist-1 fusion-checklist-default type-icons\"><li class=\"fusion-li-item\" style=\"\"><span class=\"icon-wrapper circle-yes\"><i class=\"fusion-li-icon fa-check-circle fas\" aria-hidden=\"true\"><\/i><\/span><div class=\"fusion-li-item-content\">\n<p>V\u00fdrobn\u00ed operace<\/p>\n<\/div><\/li><li class=\"fusion-li-item\" style=\"\"><span class=\"icon-wrapper circle-yes\"><i class=\"fusion-li-icon fa-check-circle fas\" aria-hidden=\"true\"><\/i><\/span><div class=\"fusion-li-item-content\">\n<p>Engineering<\/p>\n<\/div><\/li><li class=\"fusion-li-item\" style=\"\"><span class=\"icon-wrapper circle-yes\"><i class=\"fusion-li-icon fa-check-circle fas\" aria-hidden=\"true\"><\/i><\/span><div class=\"fusion-li-item-content\">\n<p>\u0158\u00edzen\u00ed zm\u011bn<\/p>\n<\/div><\/li><\/ul><\/div><\/div><\/div><\/div><div class=\"fusion-fullwidth fullwidth-box fusion-builder-row-2 fusion-flex-container has-pattern-background has-mask-background nonhundred-percent-fullwidth non-hundred-percent-height-scrolling\" style=\"--awb-border-radius-top-left:0px;--awb-border-radius-top-right:0px;--awb-border-radius-bottom-right:0px;--awb-border-radius-bottom-left:0px;--awb-flex-wrap:wrap;\" ><div class=\"fusion-builder-row fusion-row fusion-flex-align-items-flex-start fusion-flex-content-wrap\" style=\"max-width:1352px;margin-left: calc(-4% \/ 2 );margin-right: calc(-4% \/ 2 );\"><div class=\"fusion-layout-column fusion_builder_column fusion-builder-column-2 fusion_builder_column_1_1 1_1 fusion-flex-column\" style=\"--awb-bg-size:cover;--awb-width-large:100%;--awb-margin-top-large:0px;--awb-spacing-right-large:1.92%;--awb-margin-bottom-large:20px;--awb-spacing-left-large:1.92%;--awb-width-medium:100%;--awb-order-medium:0;--awb-spacing-right-medium:1.92%;--awb-spacing-left-medium:1.92%;--awb-width-small:100%;--awb-order-small:0;--awb-spacing-right-small:1.92%;--awb-spacing-left-small:1.92%;\"><div class=\"fusion-column-wrapper fusion-column-has-shadow fusion-flex-justify-content-flex-start fusion-content-layout-column\"><div class=\"fusion-text fusion-text-2\"><p>Michael m\u00e1 v\u00edce ne\u017e 30 let zku\u0161enost\u00ed s provozem a v\u00fdrobou a b\u011bhem sv\u00e9 kari\u00e9ry v mezin\u00e1rodn\u00edch spole\u010dnostech a poradensk\u00fdch firm\u00e1ch z\u00edskal siln\u00e9 analytick\u00e9 zam\u011b\u0159en\u00ed.<\/p>\n<p>Michael m\u00e1 zku\u0161enosti s veden\u00edm t\u00fdm\u016f v projektech restrukturalizace a zav\u00e1d\u011bn\u00ed syst\u00e9m\u016f, p\u0159i\u010dem\u017e kombinuje siln\u00e9 zku\u0161enosti s \u0159\u00edzen\u00edm zm\u011bn a technick\u00e9 dovednosti s p\u0159\u00edstupem k lidem na prvn\u00edm m\u00edst\u011b.<\/p>\n<p>Jako provozn\u00ed \u0159editel a \u010dlen m\u00edstn\u00edho p\u0159edstavenstva \u00fasp\u011b\u0161n\u011b restrukturalizoval a \u0159\u00eddil r\u016fst z\u00e1vodu o 300 %, udr\u017eoval OTD trvale nad 94 % a OI na \u00farovni 20-30 %. Kl\u00ed\u010dov\u00fdmi technologiemi, kter\u00e9 m\u011bl na starosti, byly CNC obr\u00e1b\u011bn\u00ed, sva\u0159ov\u00e1n\u00ed, tepeln\u00e9 povlaky kov\u016f a mont\u00e1\u017ee. P\u016fsobil tak\u00e9 jako provozn\u00ed \u0159editel u v\u00fdrobce automobilov\u00e9ho pr\u016fmyslu prvn\u00ed \u00farovn\u011b v hodnot\u011b 50 milion\u016f eur.  <\/p>\n<p>Michael \u0159\u00eddil mezin\u00e1rodn\u00ed projekty v Evrop\u011b, Asii a Severn\u00ed a Ji\u017en\u00ed Americe, zakl\u00e1dal provozy na zelen\u00e9 louce, \u0159\u00eddil transfery produkt\u016f a technologi\u00ed a tak\u00e9 implementaci syst\u00e9mu ERP (SAP R\/3) do 6 z\u00e1vod\u016f a prodejn\u00edch organizac\u00ed. Jeho zku\u0161enosti s digitalizac\u00ed podtrhuje implementace syst\u00e9mu MES (Hydra).<br \/>\nMichaelovy zku\u0161enosti s v\u00fdrobou pokr\u00fdvaj\u00ed kontinu\u00e1ln\u00ed s\u00e9riovou v\u00fdrobu a kusovou v\u00fdrobu v prost\u0159ed\u00ed make-to-stock, make-to-order a engineer-to-order (ETO). <\/p>\n<p>Dosahov\u00e1n\u00ed provozn\u00ed dokonalosti a neust\u00e1l\u00e9 zlep\u0161ov\u00e1n\u00ed pomoc\u00ed filozofie a postup\u016f LEAN se pro Michaela v jeho kari\u00e9\u0159e stalo \u017eivotn\u00edm stylem.<\/p>\n<\/div><\/div><\/div><\/div><\/div><\/p>\n","protected":false},"excerpt":{"rendered":"","protected":false},"author":1,"featured_media":0,"parent":1932,"menu_order":0,"comment_status":"closed","ping_status":"closed","template":"","meta":{"_acf_changed":false,"footnotes":""},"class_list":["post-1966","page","type-page","status-publish","hentry"],"acf":[],"_links":{"self":[{"href":"https:\/\/www.pacellico.com\/cs\/wp-json\/wp\/v2\/pages\/1966","targetHints":{"allow":["GET"]}}],"collection":[{"href":"https:\/\/www.pacellico.com\/cs\/wp-json\/wp\/v2\/pages"}],"about":[{"href":"https:\/\/www.pacellico.com\/cs\/wp-json\/wp\/v2\/types\/page"}],"author":[{"embeddable":true,"href":"https:\/\/www.pacellico.com\/cs\/wp-json\/wp\/v2\/users\/1"}],"replies":[{"embeddable":true,"href":"https:\/\/www.pacellico.com\/cs\/wp-json\/wp\/v2\/comments?post=1966"}],"version-history":[{"count":4,"href":"https:\/\/www.pacellico.com\/cs\/wp-json\/wp\/v2\/pages\/1966\/revisions"}],"predecessor-version":[{"id":1979,"href":"https:\/\/www.pacellico.com\/cs\/wp-json\/wp\/v2\/pages\/1966\/revisions\/1979"}],"up":[{"embeddable":true,"href":"https:\/\/www.pacellico.com\/cs\/wp-json\/wp\/v2\/pages\/1932"}],"wp:attachment":[{"href":"https:\/\/www.pacellico.com\/cs\/wp-json\/wp\/v2\/media?parent=1966"}],"curies":[{"name":"wp","href":"https:\/\/api.w.org\/{rel}","templated":true}]}}