{"id":1974,"date":"2023-08-10T18:55:34","date_gmt":"2023-08-10T16:55:34","guid":{"rendered":"https:\/\/www.pacellico.com\/tym-pacellico\/eduard-lopez\/"},"modified":"2025-03-16T18:42:47","modified_gmt":"2025-03-16T17:42:47","slug":"eduard-lopez","status":"publish","type":"page","link":"https:\/\/www.pacellico.com\/cs\/tym-pacellico\/eduard-lopez\/","title":{"rendered":"Eduard Lopez"},"content":{"rendered":"<p><div class=\"fusion-fullwidth fullwidth-box fusion-builder-row-1 fusion-flex-container has-pattern-background has-mask-background nonhundred-percent-fullwidth non-hundred-percent-height-scrolling\" style=\"--awb-border-radius-top-left:0px;--awb-border-radius-top-right:0px;--awb-border-radius-bottom-right:0px;--awb-border-radius-bottom-left:0px;--awb-flex-wrap:wrap;\" ><div class=\"fusion-builder-row fusion-row fusion-flex-align-items-flex-start fusion-flex-content-wrap\" style=\"max-width:1352px;margin-left: calc(-4% \/ 2 );margin-right: calc(-4% \/ 2 );\"><div class=\"fusion-layout-column fusion_builder_column fusion-builder-column-0 fusion_builder_column_1_4 1_4 fusion-flex-column\" style=\"--awb-bg-size:cover;--awb-width-large:25%;--awb-margin-top-large:0px;--awb-spacing-right-large:7.68%;--awb-margin-bottom-large:20px;--awb-spacing-left-large:7.68%;--awb-width-medium:25%;--awb-order-medium:0;--awb-spacing-right-medium:7.68%;--awb-spacing-left-medium:7.68%;--awb-width-small:100%;--awb-order-small:0;--awb-spacing-right-small:1.92%;--awb-spacing-left-small:1.92%;\"><div class=\"fusion-column-wrapper fusion-column-has-shadow fusion-flex-justify-content-flex-start fusion-content-layout-column\"><div class=\"fusion-image-element \" style=\"--awb-caption-title-font-family:var(--h2_typography-font-family);--awb-caption-title-font-weight:var(--h2_typography-font-weight);--awb-caption-title-font-style:var(--h2_typography-font-style);--awb-caption-title-size:var(--h2_typography-font-size);--awb-caption-title-transform:var(--h2_typography-text-transform);--awb-caption-title-line-height:var(--h2_typography-line-height);--awb-caption-title-letter-spacing:var(--h2_typography-letter-spacing);\"><span class=\" fusion-imageframe imageframe-none imageframe-1 hover-type-none\"><img decoding=\"async\" width=\"300\" height=\"400\" title=\"Eduard Lopez\" src=\"https:\/\/www.pacellico.com\/wp-content\/uploads\/2023\/07\/Eduard-Lopez.jpg\" data-orig-src=\"https:\/\/www.pacellico.com\/wp-content\/uploads\/2023\/07\/Eduard-Lopez.jpg\" alt class=\"lazyload img-responsive wp-image-1751\" srcset=\"data:image\/svg+xml,%3Csvg%20xmlns%3D%27http%3A%2F%2Fwww.w3.org%2F2000%2Fsvg%27%20width%3D%27300%27%20height%3D%27400%27%20viewBox%3D%270%200%20300%20400%27%3E%3Crect%20width%3D%27300%27%20height%3D%27400%27%20fill-opacity%3D%220%22%2F%3E%3C%2Fsvg%3E\" data-srcset=\"https:\/\/www.pacellico.com\/wp-content\/uploads\/2023\/07\/Eduard-Lopez-200x267.jpg 200w, https:\/\/www.pacellico.com\/wp-content\/uploads\/2023\/07\/Eduard-Lopez.jpg 300w\" data-sizes=\"auto\" data-orig-sizes=\"(max-width: 640px) 100vw, 300px\" \/><\/span><\/div><\/div><\/div><div class=\"fusion-layout-column fusion_builder_column fusion-builder-column-1 fusion_builder_column_3_4 3_4 fusion-flex-column\" style=\"--awb-bg-size:cover;--awb-width-large:75%;--awb-margin-top-large:0px;--awb-spacing-right-large:2.56%;--awb-margin-bottom-large:20px;--awb-spacing-left-large:2.56%;--awb-width-medium:75%;--awb-order-medium:0;--awb-spacing-right-medium:2.56%;--awb-spacing-left-medium:2.56%;--awb-width-small:100%;--awb-order-small:0;--awb-spacing-right-small:1.92%;--awb-spacing-left-small:1.92%;\"><div class=\"fusion-column-wrapper fusion-column-has-shadow fusion-flex-justify-content-flex-start fusion-content-layout-column\"><div class=\"fusion-text fusion-text-1\"><h1>Eduard Lopez<\/h1>\n<\/div><ul style=\"--awb-line-height:27.2px;--awb-icon-width:27.2px;--awb-icon-height:27.2px;--awb-icon-margin:11.2px;--awb-content-margin:38.4px;--awb-circlecolor:#65bc7b;--awb-circle-yes-font-size:14.08px;\" class=\"fusion-checklist fusion-checklist-1 fusion-checklist-default type-icons\"><li class=\"fusion-li-item\" style=\"\"><span class=\"icon-wrapper circle-yes\"><i class=\"fusion-li-icon fa-check-circle fas\" aria-hidden=\"true\"><\/i><\/span><div class=\"fusion-li-item-content\">\n<p>Lean Six Sigma<\/p>\n<\/div><\/li><li class=\"fusion-li-item\" style=\"\"><span class=\"icon-wrapper circle-yes\"><i class=\"fusion-li-icon fa-check-circle fas\" aria-hidden=\"true\"><\/i><\/span><div class=\"fusion-li-item-content\">\n<p>Kou\u010dov\u00e1n\u00ed<\/p>\n<\/div><\/li><li class=\"fusion-li-item\" style=\"\"><span class=\"icon-wrapper circle-yes\"><i class=\"fusion-li-icon fa-check-circle fas\" aria-hidden=\"true\"><\/i><\/span><div class=\"fusion-li-item-content\">\n<p>\u0158\u00edzen\u00ed zm\u011bn<\/p>\n<\/div><\/li><\/ul><\/div><\/div><\/div><\/div><div class=\"fusion-fullwidth fullwidth-box fusion-builder-row-2 fusion-flex-container has-pattern-background has-mask-background nonhundred-percent-fullwidth non-hundred-percent-height-scrolling\" style=\"--awb-border-radius-top-left:0px;--awb-border-radius-top-right:0px;--awb-border-radius-bottom-right:0px;--awb-border-radius-bottom-left:0px;--awb-flex-wrap:wrap;\" ><div class=\"fusion-builder-row fusion-row fusion-flex-align-items-flex-start fusion-flex-content-wrap\" style=\"max-width:1352px;margin-left: calc(-4% \/ 2 );margin-right: calc(-4% \/ 2 );\"><div class=\"fusion-layout-column fusion_builder_column fusion-builder-column-2 fusion_builder_column_1_1 1_1 fusion-flex-column\" style=\"--awb-bg-size:cover;--awb-width-large:100%;--awb-margin-top-large:0px;--awb-spacing-right-large:1.92%;--awb-margin-bottom-large:20px;--awb-spacing-left-large:1.92%;--awb-width-medium:100%;--awb-order-medium:0;--awb-spacing-right-medium:1.92%;--awb-spacing-left-medium:1.92%;--awb-width-small:100%;--awb-order-small:0;--awb-spacing-right-small:1.92%;--awb-spacing-left-small:1.92%;\"><div class=\"fusion-column-wrapper fusion-column-has-shadow fusion-flex-justify-content-flex-start fusion-content-layout-column\"><div class=\"fusion-text fusion-text-2\"><p>Eduard je zku\u0161en\u00fd provozn\u00ed \u0159editel a kou\u010d vedouc\u00edch pracovn\u00edk\u016f. \u0158\u00eddil provoz pro p\u0159edn\u00ed sv\u011btov\u00e9 spole\u010dnosti v oboru, jako jsou IBM, Siemens, General Electric, Ericsson nebo Bosch, a vedl multikulturn\u00ed t\u00fdmy ve t\u0159ech r\u016fzn\u00fdch zem\u00edch (\u0160pan\u011blsko, \u010cesk\u00e1 republika a Rumunsko). M\u00e1 in\u017een\u00fdrsk\u00e9 vzd\u011bl\u00e1n\u00ed a magistersk\u00fd titul v oboru pr\u016fmyslov\u00fdch organizac\u00ed a magistersk\u00fd titul v oboru \u00fa\u010detnictv\u00ed a financ\u00ed. Eduard je dr\u017eitelem certifik\u00e1tu Six-Sigma Green Belt a LEAN Management Professional. Je tak\u00e9 akreditovan\u00fdm kou\u010dem Mezin\u00e1rodn\u00ed federace kou\u010d\u016f.    <\/p>\n<p>Eduard zast\u00e1val \u0159adu firemn\u00edch pozic v p\u0159edn\u00edch spole\u010dnostech zab\u00fdvaj\u00edc\u00edch se v\u00fdrobou elektroniky a automobil\u016f, jako jsou IBM (centr\u00e1la v Armonku, New York), Manufacturers&#8216; Services (Boston, Massachusetts), Celestica (Toronto, Kanada), Foxconn (Tchaj-wan) nebo Teknia Group (\u0160pan\u011blsko).<\/p>\n<p>Eduard kombinuje sv\u00e9 profesn\u00ed zku\u0161enosti z oblasti dodavatelsk\u00e9ho \u0159et\u011bzce a v\u00fdrobn\u00edch operac\u00ed - veden\u00ed mezin\u00e1rodn\u00edch, multikulturn\u00edch t\u00fdm\u016f - se svou v\u00e1\u0161n\u00ed pro p\u0159\u00edpravu jednotlivc\u016f a t\u00fdm\u016f na vysoce v\u00fdkonnou pr\u00e1ci, kter\u00e1 p\u0159in\u00e1\u0161\u00ed organizaci trval\u00e9 v\u00fdsledky.<\/p>\n<\/div><\/div><\/div><\/div><\/div><\/p>\n","protected":false},"excerpt":{"rendered":"","protected":false},"author":1,"featured_media":0,"parent":1932,"menu_order":0,"comment_status":"closed","ping_status":"closed","template":"","meta":{"_acf_changed":false,"footnotes":""},"class_list":["post-1974","page","type-page","status-publish","hentry"],"acf":[],"_links":{"self":[{"href":"https:\/\/www.pacellico.com\/cs\/wp-json\/wp\/v2\/pages\/1974","targetHints":{"allow":["GET"]}}],"collection":[{"href":"https:\/\/www.pacellico.com\/cs\/wp-json\/wp\/v2\/pages"}],"about":[{"href":"https:\/\/www.pacellico.com\/cs\/wp-json\/wp\/v2\/types\/page"}],"author":[{"embeddable":true,"href":"https:\/\/www.pacellico.com\/cs\/wp-json\/wp\/v2\/users\/1"}],"replies":[{"embeddable":true,"href":"https:\/\/www.pacellico.com\/cs\/wp-json\/wp\/v2\/comments?post=1974"}],"version-history":[{"count":4,"href":"https:\/\/www.pacellico.com\/cs\/wp-json\/wp\/v2\/pages\/1974\/revisions"}],"predecessor-version":[{"id":1980,"href":"https:\/\/www.pacellico.com\/cs\/wp-json\/wp\/v2\/pages\/1974\/revisions\/1980"}],"up":[{"embeddable":true,"href":"https:\/\/www.pacellico.com\/cs\/wp-json\/wp\/v2\/pages\/1932"}],"wp:attachment":[{"href":"https:\/\/www.pacellico.com\/cs\/wp-json\/wp\/v2\/media?parent=1974"}],"curies":[{"name":"wp","href":"https:\/\/api.w.org\/{rel}","templated":true}]}}