{"id":1987,"date":"2025-01-14T17:56:20","date_gmt":"2025-01-14T16:56:20","guid":{"rendered":"https:\/\/www.pacellico.com\/tym-pacellico\/mike-murray\/"},"modified":"2025-03-16T18:42:50","modified_gmt":"2025-03-16T17:42:50","slug":"mike-murray","status":"publish","type":"page","link":"https:\/\/www.pacellico.com\/cs\/tym-pacellico\/mike-murray\/","title":{"rendered":"Mike Murray"},"content":{"rendered":"<p><div class=\"fusion-fullwidth fullwidth-box fusion-builder-row-1 fusion-flex-container has-pattern-background has-mask-background nonhundred-percent-fullwidth non-hundred-percent-height-scrolling\" style=\"--awb-border-radius-top-left:0px;--awb-border-radius-top-right:0px;--awb-border-radius-bottom-right:0px;--awb-border-radius-bottom-left:0px;--awb-flex-wrap:wrap;\" ><div class=\"fusion-builder-row fusion-row fusion-flex-align-items-flex-start fusion-flex-content-wrap\" style=\"max-width:1352px;margin-left: calc(-4% \/ 2 );margin-right: calc(-4% \/ 2 );\"><div class=\"fusion-layout-column fusion_builder_column fusion-builder-column-0 fusion_builder_column_1_4 1_4 fusion-flex-column\" style=\"--awb-bg-size:cover;--awb-width-large:25%;--awb-margin-top-large:0px;--awb-spacing-right-large:7.68%;--awb-margin-bottom-large:20px;--awb-spacing-left-large:7.68%;--awb-width-medium:25%;--awb-order-medium:0;--awb-spacing-right-medium:7.68%;--awb-spacing-left-medium:7.68%;--awb-width-small:100%;--awb-order-small:0;--awb-spacing-right-small:1.92%;--awb-spacing-left-small:1.92%;\"><div class=\"fusion-column-wrapper fusion-column-has-shadow fusion-flex-justify-content-flex-start fusion-content-layout-column\"><div class=\"fusion-image-element \" style=\"--awb-caption-title-font-family:var(--h2_typography-font-family);--awb-caption-title-font-weight:var(--h2_typography-font-weight);--awb-caption-title-font-style:var(--h2_typography-font-style);--awb-caption-title-size:var(--h2_typography-font-size);--awb-caption-title-transform:var(--h2_typography-text-transform);--awb-caption-title-line-height:var(--h2_typography-line-height);--awb-caption-title-letter-spacing:var(--h2_typography-letter-spacing);\"><span class=\" fusion-imageframe imageframe-none imageframe-1 hover-type-none\"><img decoding=\"async\" width=\"300\" height=\"400\" title=\"Mike Murray\" src=\"https:\/\/www.pacellico.com\/wp-content\/uploads\/2025\/01\/Mike-Murray.jpg\" data-orig-src=\"https:\/\/www.pacellico.com\/wp-content\/uploads\/2025\/01\/Mike-Murray.jpg\" alt class=\"lazyload img-responsive wp-image-1850\" srcset=\"data:image\/svg+xml,%3Csvg%20xmlns%3D%27http%3A%2F%2Fwww.w3.org%2F2000%2Fsvg%27%20width%3D%27300%27%20height%3D%27400%27%20viewBox%3D%270%200%20300%20400%27%3E%3Crect%20width%3D%27300%27%20height%3D%27400%27%20fill-opacity%3D%220%22%2F%3E%3C%2Fsvg%3E\" data-srcset=\"https:\/\/www.pacellico.com\/wp-content\/uploads\/2025\/01\/Mike-Murray-200x267.jpg 200w, https:\/\/www.pacellico.com\/wp-content\/uploads\/2025\/01\/Mike-Murray.jpg 300w\" data-sizes=\"auto\" data-orig-sizes=\"(max-width: 640px) 100vw, 300px\" \/><\/span><\/div><\/div><\/div><div class=\"fusion-layout-column fusion_builder_column fusion-builder-column-1 fusion_builder_column_3_4 3_4 fusion-flex-column\" style=\"--awb-bg-size:cover;--awb-width-large:75%;--awb-margin-top-large:0px;--awb-spacing-right-large:2.56%;--awb-margin-bottom-large:20px;--awb-spacing-left-large:2.56%;--awb-width-medium:75%;--awb-order-medium:0;--awb-spacing-right-medium:2.56%;--awb-spacing-left-medium:2.56%;--awb-width-small:100%;--awb-order-small:0;--awb-spacing-right-small:1.92%;--awb-spacing-left-small:1.92%;\"><div class=\"fusion-column-wrapper fusion-column-has-shadow fusion-flex-justify-content-flex-start fusion-content-layout-column\"><div class=\"fusion-text fusion-text-1\"><h1>Mike Murray<\/h1>\n<\/div><ul style=\"--awb-line-height:27.2px;--awb-icon-width:27.2px;--awb-icon-height:27.2px;--awb-icon-margin:11.2px;--awb-content-margin:38.4px;--awb-circlecolor:#65bc7b;--awb-circle-yes-font-size:14.08px;\" class=\"fusion-checklist fusion-checklist-1 fusion-checklist-default type-icons\"><li class=\"fusion-li-item\" style=\"\"><span class=\"icon-wrapper circle-yes\"><i class=\"fusion-li-icon fa-check-circle fas\" aria-hidden=\"true\"><\/i><\/span><div class=\"fusion-li-item-content\">\n<p>Veden\u00ed provozu<\/p>\n<\/div><\/li><li class=\"fusion-li-item\" style=\"\"><span class=\"icon-wrapper circle-yes\"><i class=\"fusion-li-icon fa-check-circle fas\" aria-hidden=\"true\"><\/i><\/span><div class=\"fusion-li-item-content\">\n<p>Zad\u00e1v\u00e1n\u00ed ve\u0159ejn\u00fdch zak\u00e1zek<\/p>\n<\/div><\/li><li class=\"fusion-li-item\" style=\"\"><span class=\"icon-wrapper circle-yes\"><i class=\"fusion-li-icon fa-check-circle fas\" aria-hidden=\"true\"><\/i><\/span><div class=\"fusion-li-item-content\">\n<p>Dodavatelsk\u00fd \u0159et\u011bzec<\/p>\n<\/div><\/li><\/ul><\/div><\/div><\/div><\/div><div class=\"fusion-fullwidth fullwidth-box fusion-builder-row-2 fusion-flex-container has-pattern-background has-mask-background nonhundred-percent-fullwidth non-hundred-percent-height-scrolling\" style=\"--awb-border-radius-top-left:0px;--awb-border-radius-top-right:0px;--awb-border-radius-bottom-right:0px;--awb-border-radius-bottom-left:0px;--awb-flex-wrap:wrap;\" ><div class=\"fusion-builder-row fusion-row fusion-flex-align-items-flex-start fusion-flex-content-wrap\" style=\"max-width:1352px;margin-left: calc(-4% \/ 2 );margin-right: calc(-4% \/ 2 );\"><div class=\"fusion-layout-column fusion_builder_column fusion-builder-column-2 fusion_builder_column_1_1 1_1 fusion-flex-column\" style=\"--awb-bg-size:cover;--awb-width-large:100%;--awb-margin-top-large:0px;--awb-spacing-right-large:1.92%;--awb-margin-bottom-large:20px;--awb-spacing-left-large:1.92%;--awb-width-medium:100%;--awb-order-medium:0;--awb-spacing-right-medium:1.92%;--awb-spacing-left-medium:1.92%;--awb-width-small:100%;--awb-order-small:0;--awb-spacing-right-small:1.92%;--awb-spacing-left-small:1.92%;\"><div class=\"fusion-column-wrapper fusion-column-has-shadow fusion-flex-justify-content-flex-start fusion-content-layout-column\"><div class=\"fusion-text fusion-text-2\"><p>Mike je prov\u011b\u0159en\u00fd mana\u017eer s v\u00edce ne\u017e 30 lety praktick\u00fdch zku\u0161enost\u00ed v oblasti n\u00e1kupu, outsourcingu slu\u017eeb a veden\u00ed dodavatelsk\u00e9ho \u0159et\u011bzce. Mike m\u00e1 za sebou \u0159adu \u00fasp\u011bch\u016f p\u0159i p\u0159ekon\u00e1v\u00e1n\u00ed finan\u010dn\u00edch a v\u00fdkonnostn\u00edch c\u00edl\u016f. Jeho motivac\u00ed je pom\u00e1hat podnik\u016fm zvy\u0161ovat provozn\u00ed efektivitu a podporovat udr\u017eiteln\u00fd r\u016fst.<\/p>\n<p>Jako account executive ve spole\u010dnosti IBM vedl t\u00fdm 60 zam\u011bstnanc\u016f, kte\u0159\u00ed poskytovali slu\u017eby v oblasti n\u00e1kupu extern\u00edm klient\u016fm. Jeho t\u00fdm zaji\u0161\u0165oval strategick\u00e9 z\u00e1sobov\u00e1n\u00ed, region\u00e1ln\u00ed n\u00e1kup, zpracov\u00e1n\u00ed objedn\u00e1vek a podporu call centra pro v\u00edce ne\u017e 7 000 zam\u011bstnanc\u016f ve v\u00edce ne\u017e 30 zem\u00edch. Pro klienta z oblasti spot\u0159ebn\u00edho pr\u016fmyslu dos\u00e1hl ro\u010dn\u00edch \u00faspor ve v\u00fd\u0161i 21 milion\u016f dolar\u016f a zpracoval 4 500 objedn\u00e1vek m\u011bs\u00ed\u010dn\u011b (99 % z nich bylo zpracov\u00e1no do 2 dn\u016f). Pro klienta z IT odv\u011btv\u00ed Mike b\u011bhem p\u011bti let u\u0161et\u0159il 58 milion\u016f dolar\u016f a zkr\u00e1til dobu zpracov\u00e1n\u00ed objedn\u00e1vek o 84 %. U obou klient\u016f vedl Mike transformaci na centr\u00e1ln\u00ed proces zad\u00e1v\u00e1n\u00ed ve\u0159ejn\u00fdch zak\u00e1zek na spole\u010dn\u00e9 IT platform\u011b (jeden klient na platform\u011b Oracle a druh\u00fd na platform\u011b SAP).<\/p>\n<p>Krom\u011b toho Mike pom\u00e1hal spole\u010dnosti IBM s reorganizac\u00ed procesu pl\u00e1nov\u00e1n\u00ed prodeje a provozu. Mike vedl transformaci pl\u00e1nov\u00e1n\u00ed dodavatel\u016f tak, \u017ee nejprve konsolidoval po\u017eadavky ve v\u00edce z\u00e1vodech a pot\u00e9 z\u00edskal z\u00e1vazky dodavatel\u016f v re\u00e1ln\u00e9m \u010dase. To umo\u017enilo p\u0159ij\u00edmat z\u00e1vazky v\u016f\u010di z\u00e1kazn\u00edk\u016fm IBM na z\u00e1klad\u011b dod\u00e1vek. Mike je spoluautorem p\u011bti patent\u016f dodavatelsk\u00e9ho \u0159et\u011bzce pro tuto pr\u00e1ci.<\/p>\n<p>Na za\u010d\u00e1tku sv\u00e9 kari\u00e9ry Mike pracoval jako mana\u017eer dodavatelsk\u00e9ho \u0159et\u011bzce a \u0159\u00edzen\u00ed v\u00fdroby v tov\u00e1rn\u011b IBM na mikroelektroniku ve Fishkillu ve st\u00e1t\u011b New York. Jeho t\u00fdm dos\u00e1hl desetibodov\u00e9ho zlep\u0161en\u00ed na 99 % v\u010dasn\u00fdch dod\u00e1vek.<\/p>\n<\/div><\/div><\/div><\/div><\/div><\/p>\n","protected":false},"excerpt":{"rendered":"","protected":false},"author":1,"featured_media":0,"parent":1932,"menu_order":0,"comment_status":"closed","ping_status":"closed","template":"","meta":{"_acf_changed":false,"footnotes":""},"class_list":["post-1987","page","type-page","status-publish","hentry"],"acf":[],"_links":{"self":[{"href":"https:\/\/www.pacellico.com\/cs\/wp-json\/wp\/v2\/pages\/1987","targetHints":{"allow":["GET"]}}],"collection":[{"href":"https:\/\/www.pacellico.com\/cs\/wp-json\/wp\/v2\/pages"}],"about":[{"href":"https:\/\/www.pacellico.com\/cs\/wp-json\/wp\/v2\/types\/page"}],"author":[{"embeddable":true,"href":"https:\/\/www.pacellico.com\/cs\/wp-json\/wp\/v2\/users\/1"}],"replies":[{"embeddable":true,"href":"https:\/\/www.pacellico.com\/cs\/wp-json\/wp\/v2\/comments?post=1987"}],"version-history":[{"count":4,"href":"https:\/\/www.pacellico.com\/cs\/wp-json\/wp\/v2\/pages\/1987\/revisions"}],"predecessor-version":[{"id":2012,"href":"https:\/\/www.pacellico.com\/cs\/wp-json\/wp\/v2\/pages\/1987\/revisions\/2012"}],"up":[{"embeddable":true,"href":"https:\/\/www.pacellico.com\/cs\/wp-json\/wp\/v2\/pages\/1932"}],"wp:attachment":[{"href":"https:\/\/www.pacellico.com\/cs\/wp-json\/wp\/v2\/media?parent=1987"}],"curies":[{"name":"wp","href":"https:\/\/api.w.org\/{rel}","templated":true}]}}