{"id":1995,"date":"2023-08-10T18:32:16","date_gmt":"2023-08-10T16:32:16","guid":{"rendered":"https:\/\/www.pacellico.com\/tym-pacellico\/ron-tarter\/"},"modified":"2025-03-16T18:42:50","modified_gmt":"2025-03-16T17:42:50","slug":"ron-tarter","status":"publish","type":"page","link":"https:\/\/www.pacellico.com\/cs\/tym-pacellico\/ron-tarter\/","title":{"rendered":"Ron Tarter"},"content":{"rendered":"<p><div class=\"fusion-fullwidth fullwidth-box fusion-builder-row-1 fusion-flex-container has-pattern-background has-mask-background nonhundred-percent-fullwidth non-hundred-percent-height-scrolling\" style=\"--awb-border-radius-top-left:0px;--awb-border-radius-top-right:0px;--awb-border-radius-bottom-right:0px;--awb-border-radius-bottom-left:0px;--awb-flex-wrap:wrap;\" ><div class=\"fusion-builder-row fusion-row fusion-flex-align-items-flex-start fusion-flex-content-wrap\" style=\"max-width:1352px;margin-left: calc(-4% \/ 2 );margin-right: calc(-4% \/ 2 );\"><div class=\"fusion-layout-column fusion_builder_column fusion-builder-column-0 fusion_builder_column_1_4 1_4 fusion-flex-column\" style=\"--awb-bg-size:cover;--awb-width-large:25%;--awb-margin-top-large:0px;--awb-spacing-right-large:7.68%;--awb-margin-bottom-large:20px;--awb-spacing-left-large:7.68%;--awb-width-medium:25%;--awb-order-medium:0;--awb-spacing-right-medium:7.68%;--awb-spacing-left-medium:7.68%;--awb-width-small:100%;--awb-order-small:0;--awb-spacing-right-small:1.92%;--awb-spacing-left-small:1.92%;\"><div class=\"fusion-column-wrapper fusion-column-has-shadow fusion-flex-justify-content-flex-start fusion-content-layout-column\"><div class=\"fusion-image-element \" style=\"--awb-caption-title-font-family:var(--h2_typography-font-family);--awb-caption-title-font-weight:var(--h2_typography-font-weight);--awb-caption-title-font-style:var(--h2_typography-font-style);--awb-caption-title-size:var(--h2_typography-font-size);--awb-caption-title-transform:var(--h2_typography-text-transform);--awb-caption-title-line-height:var(--h2_typography-line-height);--awb-caption-title-letter-spacing:var(--h2_typography-letter-spacing);\"><span class=\" fusion-imageframe imageframe-none imageframe-1 hover-type-none\"><img decoding=\"async\" width=\"300\" height=\"400\" title=\"Ron Tarter\" src=\"https:\/\/www.pacellico.com\/wp-content\/uploads\/2023\/07\/Ron-Tarter.jpg\" data-orig-src=\"https:\/\/www.pacellico.com\/wp-content\/uploads\/2023\/07\/Ron-Tarter.jpg\" alt class=\"lazyload img-responsive wp-image-1745\" srcset=\"data:image\/svg+xml,%3Csvg%20xmlns%3D%27http%3A%2F%2Fwww.w3.org%2F2000%2Fsvg%27%20width%3D%27300%27%20height%3D%27400%27%20viewBox%3D%270%200%20300%20400%27%3E%3Crect%20width%3D%27300%27%20height%3D%27400%27%20fill-opacity%3D%220%22%2F%3E%3C%2Fsvg%3E\" data-srcset=\"https:\/\/www.pacellico.com\/wp-content\/uploads\/2023\/07\/Ron-Tarter-200x267.jpg 200w, https:\/\/www.pacellico.com\/wp-content\/uploads\/2023\/07\/Ron-Tarter.jpg 300w\" data-sizes=\"auto\" data-orig-sizes=\"(max-width: 640px) 100vw, 300px\" \/><\/span><\/div><\/div><\/div><div class=\"fusion-layout-column fusion_builder_column fusion-builder-column-1 fusion_builder_column_3_4 3_4 fusion-flex-column\" style=\"--awb-bg-size:cover;--awb-width-large:75%;--awb-margin-top-large:0px;--awb-spacing-right-large:2.56%;--awb-margin-bottom-large:20px;--awb-spacing-left-large:2.56%;--awb-width-medium:75%;--awb-order-medium:0;--awb-spacing-right-medium:2.56%;--awb-spacing-left-medium:2.56%;--awb-width-small:100%;--awb-order-small:0;--awb-spacing-right-small:1.92%;--awb-spacing-left-small:1.92%;\"><div class=\"fusion-column-wrapper fusion-column-has-shadow fusion-flex-justify-content-flex-start fusion-content-layout-column\"><div class=\"fusion-text fusion-text-1\"><h1>Ron Tarter<\/h1>\n<\/div><ul style=\"--awb-line-height:27.2px;--awb-icon-width:27.2px;--awb-icon-height:27.2px;--awb-icon-margin:11.2px;--awb-content-margin:38.4px;--awb-circlecolor:#65bc7b;--awb-circle-yes-font-size:14.08px;\" class=\"fusion-checklist fusion-checklist-1 fusion-checklist-default type-icons\"><li class=\"fusion-li-item\" style=\"\"><span class=\"icon-wrapper circle-yes\"><i class=\"fusion-li-icon fa-check-circle fas\" aria-hidden=\"true\"><\/i><\/span><div class=\"fusion-li-item-content\">\n<p>Dodavatelsk\u00fd \u0159et\u011bzec<\/p>\n<\/div><\/li><li class=\"fusion-li-item\" style=\"\"><span class=\"icon-wrapper circle-yes\"><i class=\"fusion-li-icon fa-check-circle fas\" aria-hidden=\"true\"><\/i><\/span><div class=\"fusion-li-item-content\">\n<p>Obecn\u00e9 \u0159\u00edzen\u00ed<\/p>\n<\/div><\/li><li class=\"fusion-li-item\" style=\"\"><span class=\"icon-wrapper circle-yes\"><i class=\"fusion-li-icon fa-check-circle fas\" aria-hidden=\"true\"><\/i><\/span><div class=\"fusion-li-item-content\">\n<p>F\u00daZE A AKVIZICE<\/p>\n<\/div><\/li><\/ul><\/div><\/div><\/div><\/div><div class=\"fusion-fullwidth fullwidth-box fusion-builder-row-2 fusion-flex-container has-pattern-background has-mask-background nonhundred-percent-fullwidth non-hundred-percent-height-scrolling\" style=\"--awb-border-radius-top-left:0px;--awb-border-radius-top-right:0px;--awb-border-radius-bottom-right:0px;--awb-border-radius-bottom-left:0px;--awb-flex-wrap:wrap;\" ><div class=\"fusion-builder-row fusion-row fusion-flex-align-items-flex-start fusion-flex-content-wrap\" style=\"max-width:1352px;margin-left: calc(-4% \/ 2 );margin-right: calc(-4% \/ 2 );\"><div class=\"fusion-layout-column fusion_builder_column fusion-builder-column-2 fusion_builder_column_1_1 1_1 fusion-flex-column\" style=\"--awb-bg-size:cover;--awb-width-large:100%;--awb-margin-top-large:0px;--awb-spacing-right-large:1.92%;--awb-margin-bottom-large:20px;--awb-spacing-left-large:1.92%;--awb-width-medium:100%;--awb-order-medium:0;--awb-spacing-right-medium:1.92%;--awb-spacing-left-medium:1.92%;--awb-width-small:100%;--awb-order-small:0;--awb-spacing-right-small:1.92%;--awb-spacing-left-small:1.92%;\"><div class=\"fusion-column-wrapper fusion-column-has-shadow fusion-flex-justify-content-flex-start fusion-content-layout-column\"><div class=\"fusion-text fusion-text-2\"><p>Ron je vedouc\u00edm pracovn\u00edkem v oblasti dodavatelsk\u00e9ho \u0159et\u011bzce a obecn\u00e9ho managementu se z\u00e1kladem v oblasti v\u00fdrobn\u00edho in\u017een\u00fdrstv\u00ed. D\u00edky 15 let\u016fm zku\u0161enost\u00ed ve spole\u010dnosti Apple Computer, 20 let\u016fm ve spole\u010dnosti Flextronics (Flex) a 3 let\u016fm ve funkci provozn\u00edho \u0159editele spole\u010dnosti Phononic (nov\u011b vznikaj\u00edc\u00ed spole\u010dnost) m\u011bl Ron mo\u017enost \u0159e\u0161it t\u00e9m\u011b\u0159 v\u0161echny provozn\u00ed probl\u00e9my. <\/p>\n<p>Ron byl dev\u011bt let zam\u011bstn\u00e1n v p\u016fvodn\u00ed tov\u00e1rn\u011b Macintosh, kde vedl v\u00fdrobn\u00ed i technick\u00e9 odd\u011blen\u00ed.<\/p>\n<p>Ve spole\u010dnosti Flex Ron zast\u00e1val funkci senior viceprezidenta a gener\u00e1ln\u00edho \u0159editele n\u011bkolika celosv\u011btov\u00fdch operac\u00ed. Na vrcholu sv\u00e9 kari\u00e9ry \u0159\u00eddil ro\u010dn\u00ed tr\u017eby v hodnot\u011b 5 miliard dolar\u016f v 10 zem\u00edch. (\u010c\u00edna, Malajsie, Indie, Kanada, Spojen\u00e9 st\u00e1ty, Mexiko, Braz\u00edlie, Polsko, Rumunsko a Ma\u010farsko).  <\/p>\n<p>Ron spojuje provozn\u00ed schopnosti s porozum\u011bn\u00edm z\u00e1kazn\u00edk\u016fm. Ve spole\u010dnosti Flex byl Ron prvn\u00edm provozn\u00edm \u0159editelem, kter\u00fd \u0159\u00eddil velk\u00e9 z\u00e1kaznick\u00e9 zak\u00e1zky. Vedl dv\u011b akvizice v hodnot\u011b n\u011bkolika miliard dolar\u016f (Sony Ericsson a Nortel) a pot\u00e9 \u0159\u00eddil ka\u017edodenn\u00ed provoz nov\u011b z\u00edskan\u00fdch organizac\u00ed.  <\/p>\n<p>Flex je spole\u010dnost, kter\u00e1 se zav\u00e1zala k LEAN provozu. Ronovy operace nezklamaly. V prvn\u00ed celosv\u011btov\u00e9 sout\u011b\u017ei byla malajsijsk\u00e1 tov\u00e1rna spole\u010dnosti Ron vybr\u00e1na jako nejlep\u0161\u00ed provoz LEAN z v\u00edce ne\u017e 90 tov\u00e1ren.<\/p>\n<\/div><\/div><\/div><\/div><\/div><\/p>\n","protected":false},"excerpt":{"rendered":"","protected":false},"author":1,"featured_media":0,"parent":1932,"menu_order":0,"comment_status":"closed","ping_status":"closed","template":"","meta":{"_acf_changed":false,"footnotes":""},"class_list":["post-1995","page","type-page","status-publish","hentry"],"acf":[],"_links":{"self":[{"href":"https:\/\/www.pacellico.com\/cs\/wp-json\/wp\/v2\/pages\/1995","targetHints":{"allow":["GET"]}}],"collection":[{"href":"https:\/\/www.pacellico.com\/cs\/wp-json\/wp\/v2\/pages"}],"about":[{"href":"https:\/\/www.pacellico.com\/cs\/wp-json\/wp\/v2\/types\/page"}],"author":[{"embeddable":true,"href":"https:\/\/www.pacellico.com\/cs\/wp-json\/wp\/v2\/users\/1"}],"replies":[{"embeddable":true,"href":"https:\/\/www.pacellico.com\/cs\/wp-json\/wp\/v2\/comments?post=1995"}],"version-history":[{"count":4,"href":"https:\/\/www.pacellico.com\/cs\/wp-json\/wp\/v2\/pages\/1995\/revisions"}],"predecessor-version":[{"id":2013,"href":"https:\/\/www.pacellico.com\/cs\/wp-json\/wp\/v2\/pages\/1995\/revisions\/2013"}],"up":[{"embeddable":true,"href":"https:\/\/www.pacellico.com\/cs\/wp-json\/wp\/v2\/pages\/1932"}],"wp:attachment":[{"href":"https:\/\/www.pacellico.com\/cs\/wp-json\/wp\/v2\/media?parent=1995"}],"curies":[{"name":"wp","href":"https:\/\/api.w.org\/{rel}","templated":true}]}}