{"id":1998,"date":"2023-08-11T16:22:38","date_gmt":"2023-08-11T14:22:38","guid":{"rendered":"https:\/\/www.pacellico.com\/tym-pacellico\/tamas-motesicky\/"},"modified":"2025-03-16T18:42:50","modified_gmt":"2025-03-16T17:42:50","slug":"tamas-motesicky","status":"publish","type":"page","link":"https:\/\/www.pacellico.com\/cs\/tym-pacellico\/tamas-motesicky\/","title":{"rendered":"Tamas Motesicky"},"content":{"rendered":"<p><div class=\"fusion-fullwidth fullwidth-box fusion-builder-row-1 fusion-flex-container has-pattern-background has-mask-background nonhundred-percent-fullwidth non-hundred-percent-height-scrolling\" style=\"--awb-border-radius-top-left:0px;--awb-border-radius-top-right:0px;--awb-border-radius-bottom-right:0px;--awb-border-radius-bottom-left:0px;--awb-flex-wrap:wrap;\" ><div class=\"fusion-builder-row fusion-row fusion-flex-align-items-flex-start fusion-flex-content-wrap\" style=\"max-width:1352px;margin-left: calc(-4% \/ 2 );margin-right: calc(-4% \/ 2 );\"><div class=\"fusion-layout-column fusion_builder_column fusion-builder-column-0 fusion_builder_column_1_4 1_4 fusion-flex-column\" style=\"--awb-bg-size:cover;--awb-width-large:25%;--awb-margin-top-large:0px;--awb-spacing-right-large:7.68%;--awb-margin-bottom-large:20px;--awb-spacing-left-large:7.68%;--awb-width-medium:25%;--awb-order-medium:0;--awb-spacing-right-medium:7.68%;--awb-spacing-left-medium:7.68%;--awb-width-small:100%;--awb-order-small:0;--awb-spacing-right-small:1.92%;--awb-spacing-left-small:1.92%;\"><div class=\"fusion-column-wrapper fusion-column-has-shadow fusion-flex-justify-content-flex-start fusion-content-layout-column\"><div class=\"fusion-image-element \" style=\"--awb-caption-title-font-family:var(--h2_typography-font-family);--awb-caption-title-font-weight:var(--h2_typography-font-weight);--awb-caption-title-font-style:var(--h2_typography-font-style);--awb-caption-title-size:var(--h2_typography-font-size);--awb-caption-title-transform:var(--h2_typography-text-transform);--awb-caption-title-line-height:var(--h2_typography-line-height);--awb-caption-title-letter-spacing:var(--h2_typography-letter-spacing);\"><span class=\" fusion-imageframe imageframe-none imageframe-1 hover-type-none\"><img decoding=\"async\" width=\"300\" height=\"400\" title=\"Tamas Motesicky 2\" src=\"https:\/\/www.pacellico.com\/wp-content\/uploads\/2023\/07\/Tamas-Motesicky-2.jpg\" data-orig-src=\"https:\/\/www.pacellico.com\/wp-content\/uploads\/2023\/07\/Tamas-Motesicky-2.jpg\" alt class=\"lazyload img-responsive wp-image-1763\" srcset=\"data:image\/svg+xml,%3Csvg%20xmlns%3D%27http%3A%2F%2Fwww.w3.org%2F2000%2Fsvg%27%20width%3D%27300%27%20height%3D%27400%27%20viewBox%3D%270%200%20300%20400%27%3E%3Crect%20width%3D%27300%27%20height%3D%27400%27%20fill-opacity%3D%220%22%2F%3E%3C%2Fsvg%3E\" data-srcset=\"https:\/\/www.pacellico.com\/wp-content\/uploads\/2023\/07\/Tamas-Motesicky-2-200x267.jpg 200w, https:\/\/www.pacellico.com\/wp-content\/uploads\/2023\/07\/Tamas-Motesicky-2.jpg 300w\" data-sizes=\"auto\" data-orig-sizes=\"(max-width: 640px) 100vw, 300px\" \/><\/span><\/div><\/div><\/div><div class=\"fusion-layout-column fusion_builder_column fusion-builder-column-1 fusion_builder_column_3_4 3_4 fusion-flex-column\" style=\"--awb-bg-size:cover;--awb-width-large:75%;--awb-margin-top-large:0px;--awb-spacing-right-large:2.56%;--awb-margin-bottom-large:20px;--awb-spacing-left-large:2.56%;--awb-width-medium:75%;--awb-order-medium:0;--awb-spacing-right-medium:2.56%;--awb-spacing-left-medium:2.56%;--awb-width-small:100%;--awb-order-small:0;--awb-spacing-right-small:1.92%;--awb-spacing-left-small:1.92%;\"><div class=\"fusion-column-wrapper fusion-column-has-shadow fusion-flex-justify-content-flex-start fusion-content-layout-column\"><div class=\"fusion-text fusion-text-1\"><h1>Tamas Motesicky<\/h1>\n<\/div><ul style=\"--awb-line-height:27.2px;--awb-icon-width:27.2px;--awb-icon-height:27.2px;--awb-icon-margin:11.2px;--awb-content-margin:38.4px;--awb-circlecolor:#65bc7b;--awb-circle-yes-font-size:14.08px;\" class=\"fusion-checklist fusion-checklist-1 fusion-checklist-default type-icons\"><li class=\"fusion-li-item\" style=\"\"><span class=\"icon-wrapper circle-yes\"><i class=\"fusion-li-icon fa-check-circle fas\" aria-hidden=\"true\"><\/i><\/span><div class=\"fusion-li-item-content\">\n<p>Anal\u00fdza velk\u00fdch objem\u016f dat<\/p>\n<\/div><\/li><li class=\"fusion-li-item\" style=\"\"><span class=\"icon-wrapper circle-yes\"><i class=\"fusion-li-icon fa-check-circle fas\" aria-hidden=\"true\"><\/i><\/span><div class=\"fusion-li-item-content\">\n<p>Modelov\u00e1n\u00ed \u0159e\u0161en\u00ed<\/p>\n<\/div><\/li><li class=\"fusion-li-item\" style=\"\"><span class=\"icon-wrapper circle-yes\"><i class=\"fusion-li-icon fa-check-circle fas\" aria-hidden=\"true\"><\/i><\/span><div class=\"fusion-li-item-content\">\n<p>Business Intelligence<\/p>\n<\/div><\/li><\/ul><\/div><\/div><\/div><\/div><div class=\"fusion-fullwidth fullwidth-box fusion-builder-row-2 fusion-flex-container has-pattern-background has-mask-background nonhundred-percent-fullwidth non-hundred-percent-height-scrolling\" style=\"--awb-border-radius-top-left:0px;--awb-border-radius-top-right:0px;--awb-border-radius-bottom-right:0px;--awb-border-radius-bottom-left:0px;--awb-flex-wrap:wrap;\" ><div class=\"fusion-builder-row fusion-row fusion-flex-align-items-flex-start fusion-flex-content-wrap\" style=\"max-width:1352px;margin-left: calc(-4% \/ 2 );margin-right: calc(-4% \/ 2 );\"><div class=\"fusion-layout-column fusion_builder_column fusion-builder-column-2 fusion_builder_column_1_1 1_1 fusion-flex-column\" style=\"--awb-bg-size:cover;--awb-width-large:100%;--awb-margin-top-large:0px;--awb-spacing-right-large:1.92%;--awb-margin-bottom-large:20px;--awb-spacing-left-large:1.92%;--awb-width-medium:100%;--awb-order-medium:0;--awb-spacing-right-medium:1.92%;--awb-spacing-left-medium:1.92%;--awb-width-small:100%;--awb-order-small:0;--awb-spacing-right-small:1.92%;--awb-spacing-left-small:1.92%;\"><div class=\"fusion-column-wrapper fusion-column-has-shadow fusion-flex-justify-content-flex-start fusion-content-layout-column\"><div class=\"fusion-text fusion-text-2\"><p>Tamas m\u00e1 v\u00edce ne\u017e 15 let zku\u0161enost\u00ed jako vedouc\u00ed mana\u017eer v online pr\u016fmyslu. Zalo\u017eil a \u0159\u00eddil \u010dinnost m\u00edstn\u00ed spole\u010dnosti na ma\u010farsk\u00e9m trhu. Z\u00edskal a vybudoval siln\u00fd t\u00fdm obchodn\u00edch z\u00e1stupc\u016f, jejich\u017e v\u00fdkonnost vedla ke stabiln\u00edmu 20% ro\u010dn\u00edmu r\u016fstu tr\u017eeb.<\/p>\n<p>Krom\u011b obchodn\u00edch a marketingov\u00fdch povinnost\u00ed p\u0159evzal odpov\u011bdnost za datovou analytickou \u010d\u00e1st podniku, jako je nastaven\u00ed kl\u00ed\u010dov\u00fdch ukazatel\u016f v\u00fdkonnosti, cenotvorba, tvorba rozpo\u010dtu, anal\u00fdza konkurence a \u0159\u00edzen\u00ed \u0159ady digit\u00e1ln\u00edch iniciativ, transformac\u00ed a program\u016f zlep\u0161ov\u00e1n\u00ed s c\u00edlem zv\u00fd\u0161it \u00fa\u010dinnost a efektivitu kl\u00ed\u010dov\u00fdch proces\u016f.<\/p>\n<p>Tamas vystudoval ekonomii na Korv\u00ednov\u011b univerzit\u011b v Budape\u0161ti.<\/p>\n<p>Od sv\u00e9ho n\u00e1stupu do spole\u010dnosti Pacellico se pod\u00edlel na \u0159ad\u011b projekt\u016f zam\u011b\u0159en\u00fdch na komplexn\u00ed anal\u00fdzu dodavatelsk\u00e9ho \u0159et\u011bzce a pl\u00e1nov\u00e1n\u00ed prodeje a provozu.<br \/>\nMezi posledn\u00ed projekty pat\u0159ily: Anal\u00fdza p\u0159\u00edchoz\u00edch, odchoz\u00edch a mezipodnikov\u00fdch tok\u016f, profilov\u00e1n\u00ed z\u00e1sob, anal\u00fdza OTD a dodac\u00edch lh\u016ft, anal\u00fdza v\u00fddaj\u016f, p\u0159ezkum v\u00fdkonnosti a tok\u016f dodavatel\u016f, n\u00e1vrh a podpora implementace \u0159e\u0161en\u00ed S&amp;OP, \u010detn\u00e9 ad hoc anal\u00fdzy velk\u00fdch dat, v\u010detn\u011b modelov\u00e1n\u00ed \u0159e\u0161en\u00ed dodavatelsk\u00e9ho \u0159et\u011bzce a optimalizace s\u00edt\u011b.<\/p>\n<\/div><\/div><\/div><\/div><\/div><\/p>\n","protected":false},"excerpt":{"rendered":"","protected":false},"author":1,"featured_media":0,"parent":1932,"menu_order":0,"comment_status":"closed","ping_status":"closed","template":"","meta":{"_acf_changed":false,"footnotes":""},"class_list":["post-1998","page","type-page","status-publish","hentry"],"acf":[],"_links":{"self":[{"href":"https:\/\/www.pacellico.com\/cs\/wp-json\/wp\/v2\/pages\/1998","targetHints":{"allow":["GET"]}}],"collection":[{"href":"https:\/\/www.pacellico.com\/cs\/wp-json\/wp\/v2\/pages"}],"about":[{"href":"https:\/\/www.pacellico.com\/cs\/wp-json\/wp\/v2\/types\/page"}],"author":[{"embeddable":true,"href":"https:\/\/www.pacellico.com\/cs\/wp-json\/wp\/v2\/users\/1"}],"replies":[{"embeddable":true,"href":"https:\/\/www.pacellico.com\/cs\/wp-json\/wp\/v2\/comments?post=1998"}],"version-history":[{"count":4,"href":"https:\/\/www.pacellico.com\/cs\/wp-json\/wp\/v2\/pages\/1998\/revisions"}],"predecessor-version":[{"id":2014,"href":"https:\/\/www.pacellico.com\/cs\/wp-json\/wp\/v2\/pages\/1998\/revisions\/2014"}],"up":[{"embeddable":true,"href":"https:\/\/www.pacellico.com\/cs\/wp-json\/wp\/v2\/pages\/1932"}],"wp:attachment":[{"href":"https:\/\/www.pacellico.com\/cs\/wp-json\/wp\/v2\/media?parent=1998"}],"curies":[{"name":"wp","href":"https:\/\/api.w.org\/{rel}","templated":true}]}}