{"id":2059,"date":"2023-08-10T19:01:10","date_gmt":"2023-08-10T17:01:10","guid":{"rendered":"https:\/\/www.pacellico.com\/tym-pacellico\/marek-benko\/"},"modified":"2025-03-16T18:43:02","modified_gmt":"2025-03-16T17:43:02","slug":"marek-benko","status":"publish","type":"page","link":"https:\/\/www.pacellico.com\/cs\/tym-pacellico\/marek-benko\/","title":{"rendered":"Marek Benko"},"content":{"rendered":"<p><div class=\"fusion-fullwidth fullwidth-box fusion-builder-row-1 fusion-flex-container has-pattern-background has-mask-background nonhundred-percent-fullwidth non-hundred-percent-height-scrolling\" style=\"--awb-border-radius-top-left:0px;--awb-border-radius-top-right:0px;--awb-border-radius-bottom-right:0px;--awb-border-radius-bottom-left:0px;--awb-flex-wrap:wrap;\" ><div class=\"fusion-builder-row fusion-row fusion-flex-align-items-flex-start fusion-flex-content-wrap\" style=\"max-width:1352px;margin-left: calc(-4% \/ 2 );margin-right: calc(-4% \/ 2 );\"><div class=\"fusion-layout-column fusion_builder_column fusion-builder-column-0 fusion_builder_column_1_4 1_4 fusion-flex-column\" style=\"--awb-bg-size:cover;--awb-width-large:25%;--awb-margin-top-large:0px;--awb-spacing-right-large:7.68%;--awb-margin-bottom-large:20px;--awb-spacing-left-large:7.68%;--awb-width-medium:25%;--awb-order-medium:0;--awb-spacing-right-medium:7.68%;--awb-spacing-left-medium:7.68%;--awb-width-small:100%;--awb-order-small:0;--awb-spacing-right-small:1.92%;--awb-spacing-left-small:1.92%;\"><div class=\"fusion-column-wrapper fusion-column-has-shadow fusion-flex-justify-content-flex-start fusion-content-layout-column\"><div class=\"fusion-image-element \" style=\"--awb-caption-title-font-family:var(--h2_typography-font-family);--awb-caption-title-font-weight:var(--h2_typography-font-weight);--awb-caption-title-font-style:var(--h2_typography-font-style);--awb-caption-title-size:var(--h2_typography-font-size);--awb-caption-title-transform:var(--h2_typography-text-transform);--awb-caption-title-line-height:var(--h2_typography-line-height);--awb-caption-title-letter-spacing:var(--h2_typography-letter-spacing);\"><span class=\" fusion-imageframe imageframe-none imageframe-1 hover-type-none\"><img decoding=\"async\" width=\"300\" height=\"400\" title=\"Marek Benko\" src=\"https:\/\/www.pacellico.com\/wp-content\/uploads\/2023\/07\/Marek-Benko.jpg\" data-orig-src=\"https:\/\/www.pacellico.com\/wp-content\/uploads\/2023\/07\/Marek-Benko.jpg\" alt class=\"lazyload img-responsive wp-image-1753\" srcset=\"data:image\/svg+xml,%3Csvg%20xmlns%3D%27http%3A%2F%2Fwww.w3.org%2F2000%2Fsvg%27%20width%3D%27300%27%20height%3D%27400%27%20viewBox%3D%270%200%20300%20400%27%3E%3Crect%20width%3D%27300%27%20height%3D%27400%27%20fill-opacity%3D%220%22%2F%3E%3C%2Fsvg%3E\" data-srcset=\"https:\/\/www.pacellico.com\/wp-content\/uploads\/2023\/07\/Marek-Benko-200x267.jpg 200w, https:\/\/www.pacellico.com\/wp-content\/uploads\/2023\/07\/Marek-Benko.jpg 300w\" data-sizes=\"auto\" data-orig-sizes=\"(max-width: 640px) 100vw, 300px\" \/><\/span><\/div><\/div><\/div><div class=\"fusion-layout-column fusion_builder_column fusion-builder-column-1 fusion_builder_column_3_4 3_4 fusion-flex-column\" style=\"--awb-bg-size:cover;--awb-width-large:75%;--awb-margin-top-large:0px;--awb-spacing-right-large:2.56%;--awb-margin-bottom-large:20px;--awb-spacing-left-large:2.56%;--awb-width-medium:75%;--awb-order-medium:0;--awb-spacing-right-medium:2.56%;--awb-spacing-left-medium:2.56%;--awb-width-small:100%;--awb-order-small:0;--awb-spacing-right-small:1.92%;--awb-spacing-left-small:1.92%;\"><div class=\"fusion-column-wrapper fusion-column-has-shadow fusion-flex-justify-content-flex-start fusion-content-layout-column\"><div class=\"fusion-text fusion-text-1\"><h1>Marek Benko<\/h1>\n<\/div><ul style=\"--awb-line-height:27.2px;--awb-icon-width:27.2px;--awb-icon-height:27.2px;--awb-icon-margin:11.2px;--awb-content-margin:38.4px;--awb-circlecolor:#65bc7b;--awb-circle-yes-font-size:14.08px;\" class=\"fusion-checklist fusion-checklist-1 fusion-checklist-default type-icons\"><li class=\"fusion-li-item\" style=\"\"><span class=\"icon-wrapper circle-yes\"><i class=\"fusion-li-icon fa-check-circle fas\" aria-hidden=\"true\"><\/i><\/span><div class=\"fusion-li-item-content\">\n<p>\u0158\u00edzen\u00ed projekt\u016f<\/p>\n<\/div><\/li><li class=\"fusion-li-item\" style=\"\"><span class=\"icon-wrapper circle-yes\"><i class=\"fusion-li-icon fa-check-circle fas\" aria-hidden=\"true\"><\/i><\/span><div class=\"fusion-li-item-content\">\n<p>Provozn\u00ed excelence<\/p>\n<\/div><\/li><li class=\"fusion-li-item\" style=\"\"><span class=\"icon-wrapper circle-yes\"><i class=\"fusion-li-icon fa-check-circle fas\" aria-hidden=\"true\"><\/i><\/span><div class=\"fusion-li-item-content\">\n<p>F\u00daZE A AKVIZICE<\/p>\n<\/div><\/li><\/ul><\/div><\/div><\/div><\/div><div class=\"fusion-fullwidth fullwidth-box fusion-builder-row-2 fusion-flex-container has-pattern-background has-mask-background nonhundred-percent-fullwidth non-hundred-percent-height-scrolling\" style=\"--awb-border-radius-top-left:0px;--awb-border-radius-top-right:0px;--awb-border-radius-bottom-right:0px;--awb-border-radius-bottom-left:0px;--awb-flex-wrap:wrap;\" ><div class=\"fusion-builder-row fusion-row fusion-flex-align-items-flex-start fusion-flex-content-wrap\" style=\"max-width:1352px;margin-left: calc(-4% \/ 2 );margin-right: calc(-4% \/ 2 );\"><div class=\"fusion-layout-column fusion_builder_column fusion-builder-column-2 fusion_builder_column_1_1 1_1 fusion-flex-column\" style=\"--awb-bg-size:cover;--awb-width-large:100%;--awb-margin-top-large:0px;--awb-spacing-right-large:1.92%;--awb-margin-bottom-large:20px;--awb-spacing-left-large:1.92%;--awb-width-medium:100%;--awb-order-medium:0;--awb-spacing-right-medium:1.92%;--awb-spacing-left-medium:1.92%;--awb-width-small:100%;--awb-order-small:0;--awb-spacing-right-small:1.92%;--awb-spacing-left-small:1.92%;\"><div class=\"fusion-column-wrapper fusion-column-has-shadow fusion-flex-justify-content-flex-start fusion-content-layout-column\"><div class=\"fusion-text fusion-text-2\"><p>Marek je zku\u0161en\u00fd konzultant zam\u011b\u0159en\u00fd na provozn\u00ed dokonalost, sourcing a zad\u00e1v\u00e1n\u00ed ve\u0159ejn\u00fdch zak\u00e1zek a projektov\u00e9 \u0159\u00edzen\u00ed. Zast\u00e1val vedouc\u00ed mana\u017eersk\u00e9 pozice v pr\u016fmyslu s kl\u00ed\u010dov\u00fdmi aktivitami v oblasti v\u00fdroby, designu a v\u00fdvoje velkoform\u00e1tov\u00fdch mobiln\u00edch stroj\u016f a jejich sou\u010d\u00e1st\u00ed. <\/p>\n<p>Ve vedouc\u00ed pozici v soukrom\u00e9 mezin\u00e1rodn\u00ed obchodn\u00ed a v\u00fdrobn\u00ed spole\u010dnosti vedl iniciativy v oblasti v\u00fdvoje produkt\u016f, r\u016fstu trhu, mezin\u00e1rodn\u00ed expanze a f\u00faz\u00ed a akvizic.<\/p>\n<p>Jedna z iniciativ, kterou vedl a za kterou byl zodpov\u011bdn\u00fd, zahrnovala zlep\u0161en\u00ed zad\u00e1v\u00e1n\u00ed zak\u00e1zek a hled\u00e1n\u00ed alternativn\u00edch dodavatel\u016f s c\u00edlem diverzifikovat rizika, zlep\u0161it dodac\u00ed lh\u016fty, splnit po\u017eadavky koncov\u00fdch u\u017eivatel\u016f a sn\u00ed\u017eit n\u00e1klady, ani\u017e by byla ohro\u017eena kvalita v\u00fdrobk\u016f.<\/p>\n<p>Marek zah\u00e1jil svou poradenskou kari\u00e9ru v PwC, kde radil sv\u00fdm klient\u016fm p\u0159edev\u0161\u00edm v automobilov\u00e9m pr\u016fmyslu, bankovnictv\u00ed, telekomunikac\u00edch a energetice v ot\u00e1zk\u00e1ch od strategie p\u0159es zlep\u0161ov\u00e1n\u00ed proces\u016f a\u017e po dodr\u017eov\u00e1n\u00ed p\u0159edpis\u016f.<\/p>\n<p>Marek vystudoval ekonomii a obchod na University of British Columbia ve Vancouveru v Kanad\u011b a z\u00edskal magistersk\u00fd titul v oboru Business Administration na Darden School of Business na University of Virginia v USA. Je \u010dlenem p\u0159edstavenstva nevl\u00e1dn\u00ed organizace horsk\u00e9 z\u00e1chrann\u00e9 slu\u017eby a certifikovan\u00fdm z\u00e1chran\u00e1\u0159em.<\/p>\n<\/div><\/div><\/div><\/div><\/div><\/p>\n","protected":false},"excerpt":{"rendered":"","protected":false},"author":1,"featured_media":0,"parent":1932,"menu_order":0,"comment_status":"closed","ping_status":"closed","template":"","meta":{"_acf_changed":false,"footnotes":""},"class_list":["post-2059","page","type-page","status-publish","hentry"],"acf":[],"_links":{"self":[{"href":"https:\/\/www.pacellico.com\/cs\/wp-json\/wp\/v2\/pages\/2059","targetHints":{"allow":["GET"]}}],"collection":[{"href":"https:\/\/www.pacellico.com\/cs\/wp-json\/wp\/v2\/pages"}],"about":[{"href":"https:\/\/www.pacellico.com\/cs\/wp-json\/wp\/v2\/types\/page"}],"author":[{"embeddable":true,"href":"https:\/\/www.pacellico.com\/cs\/wp-json\/wp\/v2\/users\/1"}],"replies":[{"embeddable":true,"href":"https:\/\/www.pacellico.com\/cs\/wp-json\/wp\/v2\/comments?post=2059"}],"version-history":[{"count":4,"href":"https:\/\/www.pacellico.com\/cs\/wp-json\/wp\/v2\/pages\/2059\/revisions"}],"predecessor-version":[{"id":2073,"href":"https:\/\/www.pacellico.com\/cs\/wp-json\/wp\/v2\/pages\/2059\/revisions\/2073"}],"up":[{"embeddable":true,"href":"https:\/\/www.pacellico.com\/cs\/wp-json\/wp\/v2\/pages\/1932"}],"wp:attachment":[{"href":"https:\/\/www.pacellico.com\/cs\/wp-json\/wp\/v2\/media?parent=2059"}],"curies":[{"name":"wp","href":"https:\/\/api.w.org\/{rel}","templated":true}]}}