{"id":2319,"date":"2023-08-10T18:41:25","date_gmt":"2023-08-10T16:41:25","guid":{"rendered":"https:\/\/www.pacellico.com\/tym-pacellico\/david-gaussiran\/"},"modified":"2025-03-16T18:44:09","modified_gmt":"2025-03-16T17:44:09","slug":"david-gaussiran","status":"publish","type":"page","link":"https:\/\/www.pacellico.com\/cs\/tym-pacellico\/david-gaussiran\/","title":{"rendered":"David Gaussiran"},"content":{"rendered":"<p><div class=\"fusion-fullwidth fullwidth-box fusion-builder-row-1 fusion-flex-container has-pattern-background has-mask-background nonhundred-percent-fullwidth non-hundred-percent-height-scrolling\" style=\"--awb-border-radius-top-left:0px;--awb-border-radius-top-right:0px;--awb-border-radius-bottom-right:0px;--awb-border-radius-bottom-left:0px;--awb-flex-wrap:wrap;\" ><div class=\"fusion-builder-row fusion-row fusion-flex-align-items-flex-start fusion-flex-content-wrap\" style=\"max-width:1352px;margin-left: calc(-4% \/ 2 );margin-right: calc(-4% \/ 2 );\"><div class=\"fusion-layout-column fusion_builder_column fusion-builder-column-0 fusion_builder_column_1_4 1_4 fusion-flex-column\" style=\"--awb-bg-size:cover;--awb-width-large:25%;--awb-margin-top-large:0px;--awb-spacing-right-large:7.68%;--awb-margin-bottom-large:20px;--awb-spacing-left-large:7.68%;--awb-width-medium:25%;--awb-order-medium:0;--awb-spacing-right-medium:7.68%;--awb-spacing-left-medium:7.68%;--awb-width-small:100%;--awb-order-small:0;--awb-spacing-right-small:1.92%;--awb-spacing-left-small:1.92%;\"><div class=\"fusion-column-wrapper fusion-column-has-shadow fusion-flex-justify-content-flex-start fusion-content-layout-column\"><div class=\"fusion-image-element \" style=\"--awb-caption-title-font-family:var(--h2_typography-font-family);--awb-caption-title-font-weight:var(--h2_typography-font-weight);--awb-caption-title-font-style:var(--h2_typography-font-style);--awb-caption-title-size:var(--h2_typography-font-size);--awb-caption-title-transform:var(--h2_typography-text-transform);--awb-caption-title-line-height:var(--h2_typography-line-height);--awb-caption-title-letter-spacing:var(--h2_typography-letter-spacing);\"><span class=\" fusion-imageframe imageframe-none imageframe-1 hover-type-none\"><img decoding=\"async\" width=\"300\" height=\"400\" title=\"David Gaussiran\" src=\"https:\/\/www.pacellico.com\/wp-content\/uploads\/2023\/07\/David-Gaussiran.jpg\" data-orig-src=\"https:\/\/www.pacellico.com\/wp-content\/uploads\/2023\/07\/David-Gaussiran.jpg\" alt class=\"lazyload img-responsive wp-image-1747\" srcset=\"data:image\/svg+xml,%3Csvg%20xmlns%3D%27http%3A%2F%2Fwww.w3.org%2F2000%2Fsvg%27%20width%3D%27300%27%20height%3D%27400%27%20viewBox%3D%270%200%20300%20400%27%3E%3Crect%20width%3D%27300%27%20height%3D%27400%27%20fill-opacity%3D%220%22%2F%3E%3C%2Fsvg%3E\" data-srcset=\"https:\/\/www.pacellico.com\/wp-content\/uploads\/2023\/07\/David-Gaussiran-200x267.jpg 200w, https:\/\/www.pacellico.com\/wp-content\/uploads\/2023\/07\/David-Gaussiran.jpg 300w\" data-sizes=\"auto\" data-orig-sizes=\"(max-width: 640px) 100vw, 300px\" \/><\/span><\/div><\/div><\/div><div class=\"fusion-layout-column fusion_builder_column fusion-builder-column-1 fusion_builder_column_3_4 3_4 fusion-flex-column\" style=\"--awb-bg-size:cover;--awb-width-large:75%;--awb-margin-top-large:0px;--awb-spacing-right-large:2.56%;--awb-margin-bottom-large:20px;--awb-spacing-left-large:2.56%;--awb-width-medium:75%;--awb-order-medium:0;--awb-spacing-right-medium:2.56%;--awb-spacing-left-medium:2.56%;--awb-width-small:100%;--awb-order-small:0;--awb-spacing-right-small:1.92%;--awb-spacing-left-small:1.92%;\"><div class=\"fusion-column-wrapper fusion-column-has-shadow fusion-flex-justify-content-flex-start fusion-content-layout-column\"><div class=\"fusion-text fusion-text-1\"><h1>David Gaussiran<\/h1>\n<\/div><ul style=\"--awb-line-height:27.2px;--awb-icon-width:27.2px;--awb-icon-height:27.2px;--awb-icon-margin:11.2px;--awb-content-margin:38.4px;--awb-circlecolor:#65bc7b;--awb-circle-yes-font-size:14.08px;\" class=\"fusion-checklist fusion-checklist-1 fusion-checklist-default type-icons\"><li class=\"fusion-li-item\" style=\"\"><span class=\"icon-wrapper circle-yes\"><i class=\"fusion-li-icon fa-check-circle fas\" aria-hidden=\"true\"><\/i><\/span><div class=\"fusion-li-item-content\">\n<p>Kvalita<\/p>\n<\/div><\/li><li class=\"fusion-li-item\" style=\"\"><span class=\"icon-wrapper circle-yes\"><i class=\"fusion-li-icon fa-check-circle fas\" aria-hidden=\"true\"><\/i><\/span><div class=\"fusion-li-item-content\">\n<p>V\u00fdroba<\/p>\n<\/div><\/li><li class=\"fusion-li-item\" style=\"\"><span class=\"icon-wrapper circle-yes\"><i class=\"fusion-li-icon fa-check-circle fas\" aria-hidden=\"true\"><\/i><\/span><div class=\"fusion-li-item-content\">\n<p>\u0158\u00edzen\u00ed projekt\u016f<\/p>\n<\/div><\/li><\/ul><\/div><\/div><\/div><\/div><div class=\"fusion-fullwidth fullwidth-box fusion-builder-row-2 fusion-flex-container has-pattern-background has-mask-background nonhundred-percent-fullwidth non-hundred-percent-height-scrolling\" style=\"--awb-border-radius-top-left:0px;--awb-border-radius-top-right:0px;--awb-border-radius-bottom-right:0px;--awb-border-radius-bottom-left:0px;--awb-flex-wrap:wrap;\" ><div class=\"fusion-builder-row fusion-row fusion-flex-align-items-flex-start fusion-flex-content-wrap\" style=\"max-width:1352px;margin-left: calc(-4% \/ 2 );margin-right: calc(-4% \/ 2 );\"><div class=\"fusion-layout-column fusion_builder_column fusion-builder-column-2 fusion_builder_column_1_1 1_1 fusion-flex-column\" style=\"--awb-bg-size:cover;--awb-width-large:100%;--awb-margin-top-large:0px;--awb-spacing-right-large:1.92%;--awb-margin-bottom-large:20px;--awb-spacing-left-large:1.92%;--awb-width-medium:100%;--awb-order-medium:0;--awb-spacing-right-medium:1.92%;--awb-spacing-left-medium:1.92%;--awb-width-small:100%;--awb-order-small:0;--awb-spacing-right-small:1.92%;--awb-spacing-left-small:1.92%;\"><div class=\"fusion-column-wrapper fusion-column-has-shadow fusion-flex-justify-content-flex-start fusion-content-layout-column\"><div class=\"fusion-text fusion-text-2\"><p>David m\u00e1 v\u00edce ne\u017e 25 let zku\u0161enost\u00ed s v\u00fdrobou, kvalitou, in\u017een\u00fdrstv\u00edm NPI a interakc\u00ed s dodavateli v glob\u00e1ln\u00edch korporac\u00edch (Textron, Electrolux, TI Automotive) a za\u010d\u00ednaj\u00edc\u00edch firm\u00e1ch (Phononic, US Extrusions). M\u00e1 zku\u0161enosti z automobilov\u00e9ho pr\u016fmyslu, b\u00edl\u00e9ho zbo\u017e\u00ed, spot\u0159ebn\u00edho zbo\u017e\u00ed, polovodi\u010d\u016f a v\u011bd o \u017eiv\u00e9 p\u0159\u00edrod\u011b v USA, MX, EU, SA a APAC. <\/p>\n<p>Jako star\u0161\u00ed \u0159editel pro kvalitu a v\u00fdrobn\u00ed excelenci ve spole\u010dnosti Phononic, kter\u00fd byl p\u0159\u00edmo pod\u0159\u00edzen provozn\u00edmu \u0159editeli, m\u011bl na starosti v\u00fdrobu, kvalitu, ter\u00e9nn\u00ed slu\u017eby a regula\u010dn\u00ed z\u00e1le\u017eitosti. Jeho \u00fakolem bylo zalo\u017eit a rozv\u00edjet nov\u00e9 odd\u011blen\u00ed kvality, kter\u00e9 podporovalo v\u0161echny podnikov\u00e9 funkce, a tak\u00e9 zav\u00e9st do organizace discipl\u00edny APQP a anal\u00fdzy hlavn\u00edch p\u0159\u00ed\u010din. Sou\u010dasn\u011b vlastnil p\u0159\u00edm\u00e9 vztahy se smluvn\u00edmi v\u00fdrobn\u00edmi partnery se zam\u011b\u0159en\u00edm na kritick\u00e9 procesy a nov\u00e9 v\u00fdrobn\u00ed technologie. Mezi hlavn\u00ed \u00fasp\u011bchy pat\u0159\u00ed bezchybn\u00e9 uveden\u00ed 6 unik\u00e1tn\u00edch produkt\u016f na trh ve 4 smluvn\u00edch v\u00fdrobn\u00edch z\u00e1vodech na zelen\u00e9 louce v Severn\u00ed Americe a v oblasti APAC.    <\/p>\n<p>Jako \u0159editel kvality NPI pro Severn\u00ed Ameriku ve spole\u010dnosti Electrolux, kter\u00fd byl p\u0159\u00edmo pod\u0159\u00edzen viceprezidentovi pro kvalitu, \u0159\u00eddil David v\u0161echny aspekty kvality v n\u011bkolika v\u00fdrobn\u00edch z\u00e1vodech v Severn\u00ed Americe a \u010c\u00edn\u011b. Jeho t\u00fdmy byly zodpov\u011bdn\u00e9 za zaji\u0161t\u011bn\u00ed nejlep\u0161\u00ed kvality ve sv\u00e9 t\u0159\u00edd\u011b v cel\u00e9 produktov\u00e9 \u0159ad\u011b Electrolux a dosa\u017een\u00ed a\u017e 65% sn\u00ed\u017een\u00ed z\u00e1ru\u010dn\u00edch reklamac\u00ed v meziro\u010dn\u00edm srovn\u00e1n\u00ed, d\u00e1le pak za \u0159\u00edzen\u00ed v\u00fdrobn\u00edch kontroln\u00edch mechanism\u016f, jako jsou SPC, DFA\/DFM, FMEA, kontroln\u00ed pl\u00e1n v cel\u00e9m dodavatelsk\u00e9m \u0159et\u011bzci. Jeho t\u00fdmy tak\u00e9 dos\u00e1hly velk\u00fdch pokrok\u016f p\u0159i hodnocen\u00ed a p\u0159ij\u00edm\u00e1n\u00ed konkuren\u010dn\u00edch dodavatel\u016f prost\u0159ednictv\u00edm strategick\u00fdch projekt\u016f rozvoje dodavatel\u016f.<\/p>\n<\/div><\/div><\/div><\/div><\/div><\/p>\n","protected":false},"excerpt":{"rendered":"","protected":false},"author":1,"featured_media":0,"parent":1932,"menu_order":0,"comment_status":"closed","ping_status":"closed","template":"","meta":{"_acf_changed":false,"footnotes":""},"class_list":["post-2319","page","type-page","status-publish","hentry"],"acf":[],"_links":{"self":[{"href":"https:\/\/www.pacellico.com\/cs\/wp-json\/wp\/v2\/pages\/2319","targetHints":{"allow":["GET"]}}],"collection":[{"href":"https:\/\/www.pacellico.com\/cs\/wp-json\/wp\/v2\/pages"}],"about":[{"href":"https:\/\/www.pacellico.com\/cs\/wp-json\/wp\/v2\/types\/page"}],"author":[{"embeddable":true,"href":"https:\/\/www.pacellico.com\/cs\/wp-json\/wp\/v2\/users\/1"}],"replies":[{"embeddable":true,"href":"https:\/\/www.pacellico.com\/cs\/wp-json\/wp\/v2\/comments?post=2319"}],"version-history":[{"count":3,"href":"https:\/\/www.pacellico.com\/cs\/wp-json\/wp\/v2\/pages\/2319\/revisions"}],"predecessor-version":[{"id":2328,"href":"https:\/\/www.pacellico.com\/cs\/wp-json\/wp\/v2\/pages\/2319\/revisions\/2328"}],"up":[{"embeddable":true,"href":"https:\/\/www.pacellico.com\/cs\/wp-json\/wp\/v2\/pages\/1932"}],"wp:attachment":[{"href":"https:\/\/www.pacellico.com\/cs\/wp-json\/wp\/v2\/media?parent=2319"}],"curies":[{"name":"wp","href":"https:\/\/api.w.org\/{rel}","templated":true}]}}