{"id":2616,"date":"2025-10-25T16:04:24","date_gmt":"2025-10-25T14:04:24","guid":{"rendered":"https:\/\/www.pacellico.com\/tym-pacellico\/jesse-ronquillo\/"},"modified":"2025-11-01T13:11:35","modified_gmt":"2025-11-01T12:11:35","slug":"jesse-ronquillo","status":"publish","type":"page","link":"https:\/\/www.pacellico.com\/cs\/tym-pacellico\/jesse-ronquillo\/","title":{"rendered":"Jesse Ronquillo"},"content":{"rendered":"<p><div class=\"fusion-fullwidth fullwidth-box fusion-builder-row-1 fusion-flex-container has-pattern-background has-mask-background nonhundred-percent-fullwidth non-hundred-percent-height-scrolling\" style=\"--awb-border-radius-top-left:0px;--awb-border-radius-top-right:0px;--awb-border-radius-bottom-right:0px;--awb-border-radius-bottom-left:0px;--awb-flex-wrap:wrap;\" ><div class=\"fusion-builder-row fusion-row fusion-flex-align-items-flex-start fusion-flex-content-wrap\" style=\"max-width:1352px;margin-left: calc(-4% \/ 2 );margin-right: calc(-4% \/ 2 );\"><div class=\"fusion-layout-column fusion_builder_column fusion-builder-column-0 fusion_builder_column_1_4 1_4 fusion-flex-column\" style=\"--awb-bg-size:cover;--awb-width-large:25%;--awb-margin-top-large:0px;--awb-spacing-right-large:7.68%;--awb-margin-bottom-large:20px;--awb-spacing-left-large:7.68%;--awb-width-medium:25%;--awb-order-medium:0;--awb-spacing-right-medium:7.68%;--awb-spacing-left-medium:7.68%;--awb-width-small:100%;--awb-order-small:0;--awb-spacing-right-small:1.92%;--awb-spacing-left-small:1.92%;\"><div class=\"fusion-column-wrapper fusion-column-has-shadow fusion-flex-justify-content-flex-start fusion-content-layout-column\"><div class=\"fusion-image-element \" style=\"--awb-caption-title-font-family:var(--h2_typography-font-family);--awb-caption-title-font-weight:var(--h2_typography-font-weight);--awb-caption-title-font-style:var(--h2_typography-font-style);--awb-caption-title-size:var(--h2_typography-font-size);--awb-caption-title-transform:var(--h2_typography-text-transform);--awb-caption-title-line-height:var(--h2_typography-line-height);--awb-caption-title-letter-spacing:var(--h2_typography-letter-spacing);\"><span class=\" fusion-imageframe imageframe-none imageframe-1 hover-type-none\"><img decoding=\"async\" width=\"300\" height=\"400\" title=\"jesse\" src=\"https:\/\/www.pacellico.com\/wp-content\/uploads\/2025\/11\/jesse-1.jpg\" data-orig-src=\"https:\/\/www.pacellico.com\/wp-content\/uploads\/2025\/11\/jesse-1.jpg\" alt class=\"lazyload img-responsive wp-image-2877\" srcset=\"data:image\/svg+xml,%3Csvg%20xmlns%3D%27http%3A%2F%2Fwww.w3.org%2F2000%2Fsvg%27%20width%3D%27300%27%20height%3D%27400%27%20viewBox%3D%270%200%20300%20400%27%3E%3Crect%20width%3D%27300%27%20height%3D%27400%27%20fill-opacity%3D%220%22%2F%3E%3C%2Fsvg%3E\" data-srcset=\"https:\/\/www.pacellico.com\/wp-content\/uploads\/2025\/11\/jesse-1-200x267.jpg 200w, https:\/\/www.pacellico.com\/wp-content\/uploads\/2025\/11\/jesse-1.jpg 300w\" data-sizes=\"auto\" data-orig-sizes=\"(max-width: 640px) 100vw, 300px\" \/><\/span><\/div><\/div><\/div><div class=\"fusion-layout-column fusion_builder_column fusion-builder-column-1 fusion_builder_column_3_4 3_4 fusion-flex-column\" style=\"--awb-bg-size:cover;--awb-width-large:75%;--awb-margin-top-large:0px;--awb-spacing-right-large:2.56%;--awb-margin-bottom-large:20px;--awb-spacing-left-large:2.56%;--awb-width-medium:75%;--awb-order-medium:0;--awb-spacing-right-medium:2.56%;--awb-spacing-left-medium:2.56%;--awb-width-small:100%;--awb-order-small:0;--awb-spacing-right-small:1.92%;--awb-spacing-left-small:1.92%;\"><div class=\"fusion-column-wrapper fusion-column-has-shadow fusion-flex-justify-content-flex-start fusion-content-layout-column\"><div class=\"fusion-text fusion-text-1\"><h1>Jesse Ronquillo<\/h1>\n<\/div><ul style=\"--awb-line-height:27.2px;--awb-icon-width:27.2px;--awb-icon-height:27.2px;--awb-icon-margin:11.2px;--awb-content-margin:38.4px;--awb-circlecolor:#65bc7b;--awb-circle-yes-font-size:14.08px;\" class=\"fusion-checklist fusion-checklist-1 fusion-checklist-default type-icons\"><li class=\"fusion-li-item\" style=\"\"><span class=\"icon-wrapper circle-yes\"><i class=\"fusion-li-icon fa-check-circle fas\" aria-hidden=\"true\"><\/i><\/span><div class=\"fusion-li-item-content\">\n<p>Rozvoj podnik\u00e1n\u00ed<\/p>\n<\/div><\/li><li class=\"fusion-li-item\" style=\"\"><span class=\"icon-wrapper circle-yes\"><i class=\"fusion-li-icon fa-check-circle fas\" aria-hidden=\"true\"><\/i><\/span><div class=\"fusion-li-item-content\">Strategie um\u011bl\u00e9 inteligence<\/div><\/li><li class=\"fusion-li-item\" style=\"\"><span class=\"icon-wrapper circle-yes\"><i class=\"fusion-li-icon fa-check-circle fas\" aria-hidden=\"true\"><\/i><\/span><div class=\"fusion-li-item-content\">Struktur\u00e1ln\u00ed transformace<\/div><\/li><\/ul><\/div><\/div><\/div><\/div><div class=\"fusion-fullwidth fullwidth-box fusion-builder-row-2 fusion-flex-container has-pattern-background has-mask-background nonhundred-percent-fullwidth non-hundred-percent-height-scrolling\" style=\"--awb-border-radius-top-left:0px;--awb-border-radius-top-right:0px;--awb-border-radius-bottom-right:0px;--awb-border-radius-bottom-left:0px;--awb-flex-wrap:wrap;\" ><div class=\"fusion-builder-row fusion-row fusion-flex-align-items-flex-start fusion-flex-content-wrap\" style=\"max-width:1352px;margin-left: calc(-4% \/ 2 );margin-right: calc(-4% \/ 2 );\"><div class=\"fusion-layout-column fusion_builder_column fusion-builder-column-2 fusion_builder_column_1_1 1_1 fusion-flex-column\" style=\"--awb-bg-size:cover;--awb-width-large:100%;--awb-margin-top-large:0px;--awb-spacing-right-large:1.92%;--awb-margin-bottom-large:20px;--awb-spacing-left-large:1.92%;--awb-width-medium:100%;--awb-order-medium:0;--awb-spacing-right-medium:1.92%;--awb-spacing-left-medium:1.92%;--awb-width-small:100%;--awb-order-small:0;--awb-spacing-right-small:1.92%;--awb-spacing-left-small:1.92%;\"><div class=\"fusion-column-wrapper fusion-column-has-shadow fusion-flex-justify-content-flex-start fusion-content-layout-column\"><div class=\"fusion-text fusion-text-2\"><p>Jesse m\u00e1 rozs\u00e1hl\u00e9 zku\u0161enosti v oblasti obchodn\u00ed, prodejn\u00ed a marketingov\u00e9 strategie, struktur\u00e1ln\u00ed transformace a efektivity. Ve sv\u00e9 kari\u00e9\u0159e pro\u0161el telekomunikacemi, chemick\u00fdm pr\u016fmyslem, biotechnologiemi, um\u011blou inteligenc\u00ed a implementac\u00ed syst\u00e9m\u016f a obrann\u00fdm pr\u016fmyslem. <\/p>\n<p>\u0158\u00eddil obchodn\u00ed funkce od v\u00fdrobn\u00edch z\u00e1vod\u016f, p\u0159es pl\u00e1nov\u00e1n\u00ed, n\u00e1kup, prodejn\u00ed t\u00fdmy, finance a\u017e po provoz. Mezi kl\u00ed\u010dov\u00e9 \u00fakoly pat\u0159ilo sn\u00ed\u017een\u00ed z\u00e1sob a v\u00fdb\u011br dodavatel\u016f, komunikace a produktivita prodeje a marketingu, tvorba cen, implementace lidsk\u00fdch zdroj\u016f a syst\u00e9mu pro vytvo\u0159en\u00ed struktur\u00e1ln\u00edho zlep\u0161en\u00ed a lep\u0161\u00edho p\u0159edv\u00edd\u00e1n\u00ed. <\/p>\n<p>Jako viceprezident spole\u010dnosti NCH Jesse zv\u00fd\u0161il EBITDA a efektivitu zam\u011bstnanc\u016f vytvo\u0159en\u00edm struktur\u00e1ln\u00ed efektivity a jej\u00ed integrac\u00ed s technologi\u00ed se syst\u00e9my. Byl zodpov\u011bdn\u00fd za implementaci a vytvo\u0159en\u00ed \u0159\u00edd\u00edc\u00ed struktury pro realizaci a dosahov\u00e1n\u00ed v\u00fdsledk\u016f. <\/p>\n<p>Jesse pracoval tak\u00e9 jako konzultant pro spole\u010dnosti, nap\u0159\u00edklad jako v\u00fdkonn\u00fd obchodn\u00ed \u0159editel pro Telefonica O2 a Ernst and Young.<\/p>\n<p>Ned\u00e1vn\u00e9 projekty zahrnovaly:<\/p>\n<ul>\n<li>Implementace strategi\u00ed AI do struktury v\u00fdkaznictv\u00ed spole\u010dnost\u00ed, jako je Elevelo.<\/li>\n<li>Mapov\u00e1n\u00ed, identifikace bolestiv\u00fdch m\u00edst a nab\u00edzen\u00ed \u0159e\u0161en\u00ed v oblasti prodejn\u00ed komunikace, cenotvorby a \u0159\u00edzen\u00ed cen, v\u00fdvoje produkt\u016f a prodejn\u00edch struktur.<\/li>\n<li>Pr\u00e1ce na obchodn\u00edch strategi\u00edch pro biotechnologick\u00e9 spole\u010dnosti.<\/li>\n<\/ul>\n<\/div><\/div><\/div><\/div><\/div><\/p>\n","protected":false},"excerpt":{"rendered":"","protected":false},"author":1,"featured_media":0,"parent":1932,"menu_order":0,"comment_status":"closed","ping_status":"closed","template":"","meta":{"_acf_changed":false,"footnotes":""},"class_list":["post-2616","page","type-page","status-publish","hentry"],"acf":[],"_links":{"self":[{"href":"https:\/\/www.pacellico.com\/cs\/wp-json\/wp\/v2\/pages\/2616","targetHints":{"allow":["GET"]}}],"collection":[{"href":"https:\/\/www.pacellico.com\/cs\/wp-json\/wp\/v2\/pages"}],"about":[{"href":"https:\/\/www.pacellico.com\/cs\/wp-json\/wp\/v2\/types\/page"}],"author":[{"embeddable":true,"href":"https:\/\/www.pacellico.com\/cs\/wp-json\/wp\/v2\/users\/1"}],"replies":[{"embeddable":true,"href":"https:\/\/www.pacellico.com\/cs\/wp-json\/wp\/v2\/comments?post=2616"}],"version-history":[{"count":5,"href":"https:\/\/www.pacellico.com\/cs\/wp-json\/wp\/v2\/pages\/2616\/revisions"}],"predecessor-version":[{"id":2883,"href":"https:\/\/www.pacellico.com\/cs\/wp-json\/wp\/v2\/pages\/2616\/revisions\/2883"}],"up":[{"embeddable":true,"href":"https:\/\/www.pacellico.com\/cs\/wp-json\/wp\/v2\/pages\/1932"}],"wp:attachment":[{"href":"https:\/\/www.pacellico.com\/cs\/wp-json\/wp\/v2\/media?parent=2616"}],"curies":[{"name":"wp","href":"https:\/\/api.w.org\/{rel}","templated":true}]}}