{"id":3003,"date":"2026-04-27T09:36:18","date_gmt":"2026-04-27T07:36:18","guid":{"rendered":"https:\/\/www.pacellico.com\/tym-pacellico\/jana-vybiralova\/"},"modified":"2026-04-27T10:16:22","modified_gmt":"2026-04-27T08:16:22","slug":"jana-vybiralova","status":"publish","type":"page","link":"https:\/\/www.pacellico.com\/cs\/tym-pacellico\/jana-vybiralova\/","title":{"rendered":"Jana Vyb\u00edralov\u00e1"},"content":{"rendered":"<p><div class=\"fusion-fullwidth fullwidth-box fusion-builder-row-1 fusion-flex-container has-pattern-background has-mask-background nonhundred-percent-fullwidth non-hundred-percent-height-scrolling\" style=\"--awb-border-radius-top-left:0px;--awb-border-radius-top-right:0px;--awb-border-radius-bottom-right:0px;--awb-border-radius-bottom-left:0px;--awb-flex-wrap:wrap;\" ><div class=\"fusion-builder-row fusion-row fusion-flex-align-items-flex-start fusion-flex-content-wrap\" style=\"max-width:1352px;margin-left: calc(-4% \/ 2 );margin-right: calc(-4% \/ 2 );\"><div class=\"fusion-layout-column fusion_builder_column fusion-builder-column-0 fusion_builder_column_1_4 1_4 fusion-flex-column\" style=\"--awb-bg-size:cover;--awb-width-large:25%;--awb-margin-top-large:0px;--awb-spacing-right-large:7.68%;--awb-margin-bottom-large:20px;--awb-spacing-left-large:7.68%;--awb-width-medium:25%;--awb-order-medium:0;--awb-spacing-right-medium:7.68%;--awb-spacing-left-medium:7.68%;--awb-width-small:100%;--awb-order-small:0;--awb-spacing-right-small:1.92%;--awb-spacing-left-small:1.92%;\"><div class=\"fusion-column-wrapper fusion-column-has-shadow fusion-flex-justify-content-flex-start fusion-content-layout-column\"><div class=\"fusion-image-element \" style=\"--awb-caption-title-font-family:var(--h2_typography-font-family);--awb-caption-title-font-weight:var(--h2_typography-font-weight);--awb-caption-title-font-style:var(--h2_typography-font-style);--awb-caption-title-size:var(--h2_typography-font-size);--awb-caption-title-transform:var(--h2_typography-text-transform);--awb-caption-title-line-height:var(--h2_typography-line-height);--awb-caption-title-letter-spacing:var(--h2_typography-letter-spacing);\"><span class=\" fusion-imageframe imageframe-none imageframe-1 hover-type-none\"><img decoding=\"async\" width=\"300\" height=\"400\" title=\"Jana Vyb\u00edralov\u00e1\" src=\"https:\/\/www.pacellico.com\/wp-content\/uploads\/2026\/04\/Jana-Vybiralova.jpg\" data-orig-src=\"https:\/\/www.pacellico.com\/wp-content\/uploads\/2026\/04\/Jana-Vybiralova.jpg\" alt class=\"lazyload img-responsive wp-image-3002\" srcset=\"data:image\/svg+xml,%3Csvg%20xmlns%3D%27http%3A%2F%2Fwww.w3.org%2F2000%2Fsvg%27%20width%3D%27300%27%20height%3D%27400%27%20viewBox%3D%270%200%20300%20400%27%3E%3Crect%20width%3D%27300%27%20height%3D%27400%27%20fill-opacity%3D%220%22%2F%3E%3C%2Fsvg%3E\" data-srcset=\"https:\/\/www.pacellico.com\/wp-content\/uploads\/2026\/04\/Jana-Vybiralova-200x267.jpg 200w, https:\/\/www.pacellico.com\/wp-content\/uploads\/2026\/04\/Jana-Vybiralova.jpg 300w\" data-sizes=\"auto\" data-orig-sizes=\"(max-width: 640px) 100vw, 300px\" \/><\/span><\/div><\/div><\/div><div class=\"fusion-layout-column fusion_builder_column fusion-builder-column-1 fusion_builder_column_3_4 3_4 fusion-flex-column\" style=\"--awb-bg-size:cover;--awb-width-large:75%;--awb-margin-top-large:0px;--awb-spacing-right-large:2.56%;--awb-margin-bottom-large:20px;--awb-spacing-left-large:2.56%;--awb-width-medium:75%;--awb-order-medium:0;--awb-spacing-right-medium:2.56%;--awb-spacing-left-medium:2.56%;--awb-width-small:100%;--awb-order-small:0;--awb-spacing-right-small:1.92%;--awb-spacing-left-small:1.92%;\"><div class=\"fusion-column-wrapper fusion-column-has-shadow fusion-flex-justify-content-flex-start fusion-content-layout-column\"><div class=\"fusion-text fusion-text-1\"><h1>Jana Vyb\u00edralov\u00e1<\/h1>\n<\/div><ul style=\"--awb-line-height:27.2px;--awb-icon-width:27.2px;--awb-icon-height:27.2px;--awb-icon-margin:11.2px;--awb-content-margin:38.4px;--awb-circlecolor:#65bc7b;--awb-circle-yes-font-size:14.08px;\" class=\"fusion-checklist fusion-checklist-1 fusion-checklist-default type-icons\"><li class=\"fusion-li-item\" style=\"\"><span class=\"icon-wrapper circle-yes\"><i class=\"fusion-li-icon fa-check-circle fas\" aria-hidden=\"true\"><\/i><\/span><div class=\"fusion-li-item-content\">Transformace financ\u00ed<\/div><\/li><li class=\"fusion-li-item\" style=\"\"><span class=\"icon-wrapper circle-yes\"><i class=\"fusion-li-icon fa-check-circle fas\" aria-hidden=\"true\"><\/i><\/span><div class=\"fusion-li-item-content\">Zlep\u0161ov\u00e1n\u00ed proces\u016f<\/div><\/li><li class=\"fusion-li-item\" style=\"\"><span class=\"icon-wrapper circle-yes\"><i class=\"fusion-li-icon fa-check-circle fas\" aria-hidden=\"true\"><\/i><\/span><div class=\"fusion-li-item-content\">Rozvoj t\u00fdmu a kou\u010dov\u00e1n\u00ed<\/div><\/li><\/ul><\/div><\/div><\/div><\/div><div class=\"fusion-fullwidth fullwidth-box fusion-builder-row-2 fusion-flex-container has-pattern-background has-mask-background nonhundred-percent-fullwidth non-hundred-percent-height-scrolling\" style=\"--awb-border-radius-top-left:0px;--awb-border-radius-top-right:0px;--awb-border-radius-bottom-right:0px;--awb-border-radius-bottom-left:0px;--awb-flex-wrap:wrap;\" ><div class=\"fusion-builder-row fusion-row fusion-flex-align-items-flex-start fusion-flex-content-wrap\" style=\"max-width:1352px;margin-left: calc(-4% \/ 2 );margin-right: calc(-4% \/ 2 );\"><div class=\"fusion-layout-column fusion_builder_column fusion-builder-column-2 fusion_builder_column_1_1 1_1 fusion-flex-column\" style=\"--awb-bg-size:cover;--awb-width-large:100%;--awb-margin-top-large:0px;--awb-spacing-right-large:1.92%;--awb-margin-bottom-large:20px;--awb-spacing-left-large:1.92%;--awb-width-medium:100%;--awb-order-medium:0;--awb-spacing-right-medium:1.92%;--awb-spacing-left-medium:1.92%;--awb-width-small:100%;--awb-order-small:0;--awb-spacing-right-small:1.92%;--awb-spacing-left-small:1.92%;\"><div class=\"fusion-column-wrapper fusion-column-has-shadow fusion-flex-justify-content-flex-start fusion-content-layout-column\"><div class=\"fusion-text fusion-text-2\"><p>Jana je zku\u0161en\u00e1 finan\u010dn\u00ed mana\u017eerka a konzultantka s v\u00edce ne\u017e 25 lety praxe ve vrcholov\u00e9m a finan\u010dn\u00edm \u0159\u00edzen\u00ed, transformac\u00edch a integrac\u00edch pro nadn\u00e1rodn\u00ed organizace z oblasti technologi\u00ed, v\u00fdroby a telekomunikac\u00ed.<\/p>\n<p>Poskytuje praktick\u00e9 odborn\u00e9 know-how p\u0159i realizaci post-akvizi\u010dn\u00edch integrac\u00ed, veden\u00ed carve-out projekt\u016f a \u0159\u00edzen\u00ed finan\u010dn\u00edch operac\u00ed nap\u0159\u00ed\u010d r\u016fzn\u00fdmi jurisdikcemi. Jana je uzn\u00e1van\u00e1 pro svou expert\u00edzu, schopnost v\u00e9st multikulturn\u00ed t\u00fdmy a propojovat d\u016fsledn\u00fd d\u016fraz na compliance s pragmatick\u00fdmi \u0159e\u0161en\u00edmi.<\/p>\n<p>Jana vedla finan\u010dn\u00ed a pr\u00e1vn\u00ed integraci v\u00edce pobo\u010dek spole\u010dnosti CommScope v \u010cesk\u00e9 republice, v\u010detn\u011b rozd\u011blen\u00ed, f\u00faz\u00ed a pl\u00e1nov\u00e1n\u00ed budouc\u00edho prodeje. Zalo\u017eila a \u0159\u00eddila centra sd\u00edlen\u00fdch slu\u017eeb s v\u00edce ne\u017e 20 vedouc\u00edmi pracovn\u00edky v Brn\u011b a Indii, kter\u00e1 podporovala finan\u010dn\u00ed operace v cel\u00e9m regionu EMEA.<\/p>\n<p>Ve spole\u010dnostech CommScope a Silicon Graphics \u00fasp\u011b\u0161n\u011b implementovala syst\u00e9my SAP a Oracle ERP a standardizovala procesy pro finan\u010dn\u00ed t\u00fdmy v cel\u00e9 Evrop\u011b. V\u00edce ne\u017e 20 let vyjedn\u00e1vala a realizovala komplexn\u00ed kolektivn\u00ed smlouvy ve v\u00fdrobn\u00edm prost\u0159ed\u00ed a\u017e pro 1 600 zam\u011bstnanc\u016f.<\/p>\n<p>Podporovala pracovn\u011bpr\u00e1vn\u00ed vztahy, dodr\u017eov\u00e1n\u00ed p\u0159edpis\u016f, audit a statut\u00e1rn\u00ed v\u00fdkaznictv\u00ed pro 3-4 pr\u00e1vn\u00ed subjekty b\u011bhem transforma\u010dn\u00edch cykl\u016f (ro\u010dn\u00ed tr\u017eby a\u017e 250 milion\u016f USD).<\/p>\n<p>Ve spole\u010dnosti Silicon Graphic (SGI) zast\u0159e\u0161ovala due diligence a hodnocen\u00ed bonity klient\u016f pro \u00fa\u010dely finan\u010dn\u00edho a operativn\u00edho leasingu. Pod\u00edlela se tak\u00e9 na p\u0159\u00edprav\u011b nab\u00eddek pro st\u00e1tn\u00ed zak\u00e1zky.<\/p>\n<\/div><\/div><\/div><\/div><\/div><\/p>\n","protected":false},"excerpt":{"rendered":"","protected":false},"author":1,"featured_media":0,"parent":1932,"menu_order":0,"comment_status":"closed","ping_status":"closed","template":"","meta":{"_acf_changed":false,"footnotes":""},"class_list":["post-3003","page","type-page","status-publish","hentry"],"acf":[],"_links":{"self":[{"href":"https:\/\/www.pacellico.com\/cs\/wp-json\/wp\/v2\/pages\/3003","targetHints":{"allow":["GET"]}}],"collection":[{"href":"https:\/\/www.pacellico.com\/cs\/wp-json\/wp\/v2\/pages"}],"about":[{"href":"https:\/\/www.pacellico.com\/cs\/wp-json\/wp\/v2\/types\/page"}],"author":[{"embeddable":true,"href":"https:\/\/www.pacellico.com\/cs\/wp-json\/wp\/v2\/users\/1"}],"replies":[{"embeddable":true,"href":"https:\/\/www.pacellico.com\/cs\/wp-json\/wp\/v2\/comments?post=3003"}],"version-history":[{"count":4,"href":"https:\/\/www.pacellico.com\/cs\/wp-json\/wp\/v2\/pages\/3003\/revisions"}],"predecessor-version":[{"id":3019,"href":"https:\/\/www.pacellico.com\/cs\/wp-json\/wp\/v2\/pages\/3003\/revisions\/3019"}],"up":[{"embeddable":true,"href":"https:\/\/www.pacellico.com\/cs\/wp-json\/wp\/v2\/pages\/1932"}],"wp:attachment":[{"href":"https:\/\/www.pacellico.com\/cs\/wp-json\/wp\/v2\/media?parent=3003"}],"curies":[{"name":"wp","href":"https:\/\/api.w.org\/{rel}","templated":true}]}}