{"id":3008,"date":"2026-04-27T09:40:06","date_gmt":"2026-04-27T07:40:06","guid":{"rendered":"https:\/\/www.pacellico.com\/tym-pacellico\/katerina-machalkova\/"},"modified":"2026-04-27T10:09:45","modified_gmt":"2026-04-27T08:09:45","slug":"katerina-machalkova","status":"publish","type":"page","link":"https:\/\/www.pacellico.com\/cs\/tym-pacellico\/katerina-machalkova\/","title":{"rendered":"Kate\u0159ina Mach\u00e1lkov\u00e1"},"content":{"rendered":"<p><div class=\"fusion-fullwidth fullwidth-box fusion-builder-row-1 fusion-flex-container has-pattern-background has-mask-background nonhundred-percent-fullwidth non-hundred-percent-height-scrolling\" style=\"--awb-border-radius-top-left:0px;--awb-border-radius-top-right:0px;--awb-border-radius-bottom-right:0px;--awb-border-radius-bottom-left:0px;--awb-flex-wrap:wrap;\" ><div class=\"fusion-builder-row fusion-row fusion-flex-align-items-flex-start fusion-flex-content-wrap\" style=\"max-width:1352px;margin-left: calc(-4% \/ 2 );margin-right: calc(-4% \/ 2 );\"><div class=\"fusion-layout-column fusion_builder_column fusion-builder-column-0 fusion_builder_column_1_4 1_4 fusion-flex-column\" style=\"--awb-bg-size:cover;--awb-width-large:25%;--awb-margin-top-large:0px;--awb-spacing-right-large:7.68%;--awb-margin-bottom-large:20px;--awb-spacing-left-large:7.68%;--awb-width-medium:25%;--awb-order-medium:0;--awb-spacing-right-medium:7.68%;--awb-spacing-left-medium:7.68%;--awb-width-small:100%;--awb-order-small:0;--awb-spacing-right-small:1.92%;--awb-spacing-left-small:1.92%;\"><div class=\"fusion-column-wrapper fusion-column-has-shadow fusion-flex-justify-content-flex-start fusion-content-layout-column\"><div class=\"fusion-image-element \" style=\"--awb-caption-title-font-family:var(--h2_typography-font-family);--awb-caption-title-font-weight:var(--h2_typography-font-weight);--awb-caption-title-font-style:var(--h2_typography-font-style);--awb-caption-title-size:var(--h2_typography-font-size);--awb-caption-title-transform:var(--h2_typography-text-transform);--awb-caption-title-line-height:var(--h2_typography-line-height);--awb-caption-title-letter-spacing:var(--h2_typography-letter-spacing);\"><span class=\" fusion-imageframe imageframe-none imageframe-1 hover-type-none\"><img decoding=\"async\" width=\"300\" height=\"400\" title=\"Kate\u0159ina Mach\u00e1lkov\u00e1\" src=\"https:\/\/www.pacellico.com\/wp-content\/uploads\/2026\/04\/Katerina-Machalkova.jpg\" data-orig-src=\"https:\/\/www.pacellico.com\/wp-content\/uploads\/2026\/04\/Katerina-Machalkova.jpg\" alt class=\"lazyload img-responsive wp-image-3007\" srcset=\"data:image\/svg+xml,%3Csvg%20xmlns%3D%27http%3A%2F%2Fwww.w3.org%2F2000%2Fsvg%27%20width%3D%27300%27%20height%3D%27400%27%20viewBox%3D%270%200%20300%20400%27%3E%3Crect%20width%3D%27300%27%20height%3D%27400%27%20fill-opacity%3D%220%22%2F%3E%3C%2Fsvg%3E\" data-srcset=\"https:\/\/www.pacellico.com\/wp-content\/uploads\/2026\/04\/Katerina-Machalkova-200x267.jpg 200w, https:\/\/www.pacellico.com\/wp-content\/uploads\/2026\/04\/Katerina-Machalkova.jpg 300w\" data-sizes=\"auto\" data-orig-sizes=\"(max-width: 640px) 100vw, 300px\" \/><\/span><\/div><\/div><\/div><div class=\"fusion-layout-column fusion_builder_column fusion-builder-column-1 fusion_builder_column_3_4 3_4 fusion-flex-column\" style=\"--awb-bg-size:cover;--awb-width-large:75%;--awb-margin-top-large:0px;--awb-spacing-right-large:2.56%;--awb-margin-bottom-large:20px;--awb-spacing-left-large:2.56%;--awb-width-medium:75%;--awb-order-medium:0;--awb-spacing-right-medium:2.56%;--awb-spacing-left-medium:2.56%;--awb-width-small:100%;--awb-order-small:0;--awb-spacing-right-small:1.92%;--awb-spacing-left-small:1.92%;\"><div class=\"fusion-column-wrapper fusion-column-has-shadow fusion-flex-justify-content-flex-start fusion-content-layout-column\"><div class=\"fusion-text fusion-text-1\"><h1>Kate\u0159ina Mach\u00e1lkov\u00e1<\/h1>\n<\/div><ul style=\"--awb-line-height:27.2px;--awb-icon-width:27.2px;--awb-icon-height:27.2px;--awb-icon-margin:11.2px;--awb-content-margin:38.4px;--awb-circlecolor:#65bc7b;--awb-circle-yes-font-size:14.08px;\" class=\"fusion-checklist fusion-checklist-1 fusion-checklist-default type-icons\"><li class=\"fusion-li-item\" style=\"\"><span class=\"icon-wrapper circle-yes\"><i class=\"fusion-li-icon fa-check-circle fas\" aria-hidden=\"true\"><\/i><\/span><div class=\"fusion-li-item-content\">Anal\u00fdza dat<\/div><\/li><li class=\"fusion-li-item\" style=\"\"><span class=\"icon-wrapper circle-yes\"><i class=\"fusion-li-icon fa-check-circle fas\" aria-hidden=\"true\"><\/i><\/span><div class=\"fusion-li-item-content\">Modelov\u00e1n\u00ed a reporting<\/div><\/li><li class=\"fusion-li-item\" style=\"\"><span class=\"icon-wrapper circle-yes\"><i class=\"fusion-li-icon fa-check-circle fas\" aria-hidden=\"true\"><\/i><\/span><div class=\"fusion-li-item-content\">IT Asset Management<\/div><\/li><\/ul><\/div><\/div><\/div><\/div><div class=\"fusion-fullwidth fullwidth-box fusion-builder-row-2 fusion-flex-container has-pattern-background has-mask-background nonhundred-percent-fullwidth non-hundred-percent-height-scrolling\" style=\"--awb-border-radius-top-left:0px;--awb-border-radius-top-right:0px;--awb-border-radius-bottom-right:0px;--awb-border-radius-bottom-left:0px;--awb-flex-wrap:wrap;\" ><div class=\"fusion-builder-row fusion-row fusion-flex-align-items-flex-start fusion-flex-content-wrap\" style=\"max-width:1352px;margin-left: calc(-4% \/ 2 );margin-right: calc(-4% \/ 2 );\"><div class=\"fusion-layout-column fusion_builder_column fusion-builder-column-2 fusion_builder_column_1_1 1_1 fusion-flex-column\" style=\"--awb-bg-size:cover;--awb-width-large:100%;--awb-margin-top-large:0px;--awb-spacing-right-large:1.92%;--awb-margin-bottom-large:20px;--awb-spacing-left-large:1.92%;--awb-width-medium:100%;--awb-order-medium:0;--awb-spacing-right-medium:1.92%;--awb-spacing-left-medium:1.92%;--awb-width-small:100%;--awb-order-small:0;--awb-spacing-right-small:1.92%;--awb-spacing-left-small:1.92%;\"><div class=\"fusion-column-wrapper fusion-column-has-shadow fusion-flex-justify-content-flex-start fusion-content-layout-column\"><div class=\"fusion-text fusion-text-2\"><p>Kate\u0159ina m\u00e1 v\u00edce ne\u017e 15 let zku\u0161enost\u00ed v oblasti IT Asset Managementu v mezin\u00e1rodn\u00edm korpor\u00e1tn\u00edm prost\u0159ed\u00ed, se siln\u00fdm zam\u011b\u0159en\u00edm na kvalitu dat, reporting a optimalizaci proces\u016f.<\/p>\n<p>B\u011bhem sv\u00e9 kari\u00e9ry ve spole\u010dnostech IBM a Kyndryl si vybudovala pevn\u00e9 z\u00e1klady v oblasti \u0159\u00edzen\u00ed kvality dat, reportov\u00e1n\u00ed a optimalizace proces\u016f. Intenzivn\u011b pracovala s rozs\u00e1hl\u00fdmi a komplexn\u00edmi datov\u00fdmi soubory, p\u0159i\u010dem\u017e se zam\u011b\u0159ovala na konzistenci dat, jejich transformaci a automatizaci reportingu nap\u0159\u00ed\u010d r\u016fzn\u00fdmi podnikov\u00fdmi syst\u00e9my. <\/p>\n<p>Od sv\u00e9ho n\u00e1stupu do spole\u010dnosti Pacellico se zam\u011b\u0159uje p\u0159edev\u0161\u00edm na anal\u00fdzu dodavatelsk\u00e9ho \u0159et\u011bzce a rozvoj business intelligence. Pod\u00edlela se na implementaci proces\u016f S&amp;OP a v\u00fdvoji \u0159e\u0161en\u00ed BI na podporu pl\u00e1nov\u00e1n\u00ed a rozhodov\u00e1n\u00ed. <\/p>\n<h2>Mezi ned\u00e1vn\u00e9 povinnosti pat\u0159ilo:<\/h2>\n<ul>\n<li>Tvorba report\u016f a dashboard\u016f v Power BI, v\u010detn\u011b datov\u00e9ho modelov\u00e1n\u00ed a v\u00fdpo\u010dt\u016f v jazyce DAX.<\/li>\n<li>Automatizace pracovn\u00edch postup\u016f zpracov\u00e1n\u00ed dat v aplikac\u00edch Excel a Power BI<\/li>\n<li>Podpora implementace procesu S&amp;OP prost\u0159ednictv\u00edm p\u0159\u00edpravy a validace dat.<\/li>\n<\/ul>\n<\/div><\/div><\/div><\/div><\/div><\/p>\n","protected":false},"excerpt":{"rendered":"","protected":false},"author":1,"featured_media":0,"parent":1932,"menu_order":0,"comment_status":"closed","ping_status":"closed","template":"","meta":{"_acf_changed":false,"footnotes":""},"class_list":["post-3008","page","type-page","status-publish","hentry"],"acf":[],"_links":{"self":[{"href":"https:\/\/www.pacellico.com\/cs\/wp-json\/wp\/v2\/pages\/3008","targetHints":{"allow":["GET"]}}],"collection":[{"href":"https:\/\/www.pacellico.com\/cs\/wp-json\/wp\/v2\/pages"}],"about":[{"href":"https:\/\/www.pacellico.com\/cs\/wp-json\/wp\/v2\/types\/page"}],"author":[{"embeddable":true,"href":"https:\/\/www.pacellico.com\/cs\/wp-json\/wp\/v2\/users\/1"}],"replies":[{"embeddable":true,"href":"https:\/\/www.pacellico.com\/cs\/wp-json\/wp\/v2\/comments?post=3008"}],"version-history":[{"count":3,"href":"https:\/\/www.pacellico.com\/cs\/wp-json\/wp\/v2\/pages\/3008\/revisions"}],"predecessor-version":[{"id":3011,"href":"https:\/\/www.pacellico.com\/cs\/wp-json\/wp\/v2\/pages\/3008\/revisions\/3011"}],"up":[{"embeddable":true,"href":"https:\/\/www.pacellico.com\/cs\/wp-json\/wp\/v2\/pages\/1932"}],"wp:attachment":[{"href":"https:\/\/www.pacellico.com\/cs\/wp-json\/wp\/v2\/media?parent=3008"}],"curies":[{"name":"wp","href":"https:\/\/api.w.org\/{rel}","templated":true}]}}